{"id":817,"date":"2016-02-16T09:52:33","date_gmt":"2016-02-16T09:52:33","guid":{"rendered":"http:\/\/jozilevi.com\/?page_id=817"},"modified":"2016-04-02T11:49:31","modified_gmt":"2016-04-02T11:49:31","slug":"samba-dans-atolyesi","status":"publish","type":"page","link":"https:\/\/jozilevi.com\/pb\/samba-dans-atolyesi\/","title":{"rendered":"WORKSHOP DE SAMBA"},"content":{"rendered":"<p>[vc_row][vc_column width=&#8221;1\/2&#8243;][vc_column_text]Origin\u00e1rio do Brasil, o samba \u00e9 um estilo de dan\u00e7a de sal\u00e3o e de rua feito numa divis\u00e3o de compasso 2\/4 e 4\/4. O ritmo padr\u00e3o do samba \u00e9 na forma de r\u00e1pido-r\u00e1pido-lento e \u00e9 a dan\u00e7a celebrat\u00f3ria do famoso carnaval do Rio de Janeiro, que acontece todos os anos.<\/p>\n<p>O samba tem um ritmo com batidas fortes de tambor. Mesmo sendo dan\u00e7ado individualmente, ele tamb\u00e9m pode se transformar num trabalho de equipe entre diversos dan\u00e7arinos. N\u00e3o importa se \u00e9 r\u00e1pido ou lento, ele \u00e9 dan\u00e7ado ao som do samba brasileiro, o que tamb\u00e9m pode ser feito por grupos grandes sem a necessidade de um parceiro de dan\u00e7a.<\/p>\n<p>O samba \u00e9 uma atividade que faz os participantes \u201cpensarem como um grupo\u201d, em vez de como indiv\u00edduos, melhora a coordena\u00e7\u00e3o entre o c\u00e9rebro e o corpo, desenvolve a consci\u00eancia e motiva\u00e7\u00e3o em indiv\u00edduos, e, com seu ritmo excitante e movimentos corporais male\u00e1veis, pode ser uma dan\u00e7a muito divertida e coordenadora.<\/p>\n<p>Desta maneira, indiv\u00edduos com autoconfian\u00e7a tornam-se mais soci\u00e1veis e eficientes em seu trabalho. Um m\u00e1ximo de 40 homens e\/ou mulheres de qualquer idade podem participar desta atividade.<\/p>\n<p>[\/vc_column_text][\/vc_column][vc_column width=&#8221;1\/2&#8243;][vc_gallery type=&#8221;flexslider_fade&#8221; interval=&#8221;3&#8243; images=&#8221;834,833,832,831,830,825&#8243; onclick=&#8221;link_image&#8221; custom_links_target=&#8221;_self&#8221; img_size=&#8221;large&#8221;][\/vc_column][\/vc_row]<\/p>","protected":false},"excerpt":{"rendered":"<p>[vc_row][vc_column width=&#8221;1\/2&#8243;][vc_column_text]Origin\u00e1rio do Brasil, o samba \u00e9 um estilo de dan\u00e7a de sal\u00e3o e de rua feito numa divis\u00e3o de<\/p>\n","protected":false},"author":2,"featured_media":830,"parent":0,"menu_order":0,"comment_status":"closed","ping_status":"closed","template":"page_full.php","meta":{"om_disable_all_campaigns":false,"_monsterinsights_skip_tracking":false,"_monsterinsights_sitenote_active":false,"_monsterinsights_sitenote_note":"","_monsterinsights_sitenote_category":0},"aioseo_notices":[],"_links":{"self":[{"href":"https:\/\/jozilevi.com\/pb\/wp-json\/wp\/v2\/pages\/817"}],"collection":[{"href":"https:\/\/jozilevi.com\/pb\/wp-json\/wp\/v2\/pages"}],"about":[{"href":"https:\/\/jozilevi.com\/pb\/wp-json\/wp\/v2\/types\/page"}],"author":[{"embeddable":true,"href":"https:\/\/jozilevi.com\/pb\/wp-json\/wp\/v2\/users\/2"}],"replies":[{"embeddable":true,"href":"https:\/\/jozilevi.com\/pb\/wp-json\/wp\/v2\/comments?post=817"}],"version-history":[{"count":15,"href":"https:\/\/jozilevi.com\/pb\/wp-json\/wp\/v2\/pages\/817\/revisions"}],"predecessor-version":[{"id":903,"href":"https:\/\/jozilevi.com\/pb\/wp-json\/wp\/v2\/pages\/817\/revisions\/903"}],"wp:featuredmedia":[{"embeddable":true,"href":"https:\/\/jozilevi.com\/pb\/wp-json\/wp\/v2\/media\/830"}],"wp:attachment":[{"href":"https:\/\/jozilevi.com\/pb\/wp-json\/wp\/v2\/media?parent=817"}],"curies":[{"name":"wp","href":"https:\/\/api.w.org\/{rel}","templated":true}]}}