{"id":33,"date":"2015-05-27T07:11:53","date_gmt":"2015-05-27T07:11:53","guid":{"rendered":"http:\/\/e-commercetrends.com\/jozi\/?page_id=33"},"modified":"2017-03-27T16:06:05","modified_gmt":"2017-03-27T16:06:05","slug":"brazil-project","status":"publish","type":"page","link":"https:\/\/jozilevi.com\/pb\/brazil-project\/","title":{"rendered":"Jozi Levi Brazil Project"},"content":{"rendered":"<p>[vc_row][vc_column][vc_column_text]<img decoding=\"async\" loading=\"lazy\" class=\"alignleft wp-image-438 size-full\" src=\"http:\/\/jozilevi.com\/wp-content\/uploads\/brazilianlogosmall.png\" alt=\"\" width=\"150\" height=\"150\" \/><\/p>\n<p>Lan\u00e7ada em 2008, a banda de conceito brasileiro \u201cJozi Levi Brazil Project\u201d, tocando apenas sons brasileiros, \u00e9 uma banda de concerto \u00fanica na qual, de vez em quando, convidados especiais tamb\u00e9m s\u00e3o destaque, como Berg Campos (Rio de Janeiro ), Luna Whibbe (Rio de Janeiro) e Melis S\u00f6kmen, U\u011fur Y\u00fccel).<\/p>\n<p>At\u00e9 agora, muitas performances aconteceram em locais como Ghetto, Babylon, Istanbul Jazz Center, IKSV Tunel Fest, MAC (Ankara), Monk by Babylon (\u00c7e\u015fme), Kanyon, Istinyepark, etc.<\/p>\n<p>A \u201cJozi Levi Brazil Project\u201d, formada pelo mestre da m\u00fasica brasileira na Turquia, Jozi Levi, juntamente com Banu Kunt Isik e talentosos amigos m\u00fasicos de Jozi, tem um repert\u00f3rio enorme que inclui os estilos de Samba, Pagode, Bossa Nova, Bai\u00e3o e m\u00fasica e ritmos de playlists de MPB em geral.<\/p>\n<p>A \u201cJozi Levi Brazil Project\u201d \u00e9 composta por estes valiosos m\u00fasicos: Jozi Levi nos teclados\/percuss\u00e3o, Banu Kunt Isik no vocal\/percuss\u00e3o, Tamer Temel no sax\/flauta\/percuss\u00e3o, Bulut Gulen no trombone\/percuss\u00e3o, Kerem Turkayd\u0131n na guitarra\/cavaquinho\/percuss\u00e3o, Kerem Koseoglu ou Volkan Topcuoglu no baixo\/percuss\u00e3o, Izzet Hakalmaz na bateria e Ivan Kile na percuss\u00e3o.[\/vc_column_text][vc_button title=&#8221;Technical Rider&#8221; target=&#8221;_blank&#8221; color=&#8221;btn-warning&#8221; href=&#8221;http:\/\/jozilevi.com\/wp-content\/uploads\/technical.pdf&#8221;][\/vc_column][\/vc_row][vc_row][vc_column width=&#8221;1\/3&#8243;][vc_gallery interval=&#8221;3&#8243; images=&#8221;198,196,197,199,200&#8243; img_size=&#8221;460&#215;410&#8243; title=&#8221;Kanyon&#8221;][\/vc_column][vc_column width=&#8221;1\/3&#8243;][vc_gallery interval=&#8221;3&#8243; images=&#8221;177,178,179&#8243; img_size=&#8221;460&#215;410&#8243; title=&#8221;Ghetto&#8221;][\/vc_column][vc_column width=&#8221;1\/3&#8243;][vc_gallery interval=&#8221;3&#8243; images=&#8221;180,181,182&#8243; img_size=&#8221;460&#215;410&#8243; title=&#8221;IKSV Kanyon&#8221;][\/vc_column][\/vc_row][vc_row][vc_column width=&#8221;1\/3&#8243;][vc_gallery interval=&#8221;3&#8243; images=&#8221;184,185,356,357,358&#8243; img_size=&#8221;460&#215;410&#8243; title=&#8221;IKSV T\u00fcnel \u015eenli\u011fi&#8221;][\/vc_column][vc_column width=&#8221;1\/3&#8243;][vc_gallery interval=&#8221;3&#8243; images=&#8221;186,187,188,189,190,352,354,353,1200&#8243; img_size=&#8221;460&#215;410&#8243; title=&#8221;Summer Tunes &#8211; \u0130stinyepark&#8221;][\/vc_column][vc_column width=&#8221;1\/3&#8243;][vc_gallery interval=&#8221;3&#8243; images=&#8221;361,363,195,191,192,193,194,362,364&#8243; img_size=&#8221;460&#215;410&#8243; title=&#8221;FIFA World Cup &#8211; Coca-Cola&#8221;][\/vc_column][\/vc_row][vc_row][vc_column width=&#8221;1\/3&#8243;][vc_gallery interval=&#8221;3&#8243; images=&#8221;367,208,209,365,366&#8243; img_size=&#8221;460&#215;410&#8243; title=&#8221;Mahalle&#8221;][\/vc_column][vc_column width=&#8221;1\/3&#8243;][vc_gallery interval=&#8221;3&#8243; images=&#8221;202,201,203,204&#8243; img_size=&#8221;460&#215;410&#8243; title=&#8221;JC&#8217;s&#8221;][\/vc_column][vc_column width=&#8221;1\/3&#8243;][vc_gallery interval=&#8221;3&#8243; images=&#8221;370,369,371,373,374&#8243; img_size=&#8221;460&#215;410&#8243; title=&#8221;Beirut-Lebanon&#8221;][\/vc_column][\/vc_row][vc_row][vc_column width=&#8221;1\/3&#8243;][vc_gallery interval=&#8221;3&#8243; images=&#8221;210,211&#8243; img_size=&#8221;460&#215;410&#8243; title=&#8221;Akasya AVM&#8221;][\/vc_column][vc_column width=&#8221;1\/3&#8243;][vc_gallery interval=&#8221;3&#8243; images=&#8221;169,168,170,171,172,173,174&#8243; img_size=&#8221;460&#215;410&#8243; title=&#8221;Jozi Levi Brazil Project&#8221;][\/vc_column][vc_column width=&#8221;1\/3&#8243;][vc_column_text]<br \/>\n[\/vc_column_text][\/vc_column][\/vc_row][vc_row css=&#8221;.vc_custom_1434612426168{margin-top: -75px !important;}&#8221;][vc_column width=&#8221;1\/3&#8243;][vc_column_text]<br \/>\n[\/vc_column_text][\/vc_column][vc_column width=&#8221;1\/3&#8243;][vc_column_text]<br \/>\n[\/vc_column_text][\/vc_column][\/vc_row]<\/p>","protected":false},"excerpt":{"rendered":"<p>[vc_row][vc_column][vc_column_text] Lan\u00e7ada em 2008, a banda de conceito brasileiro \u201cJozi Levi Brazil Project\u201d, tocando apenas sons brasileiros, \u00e9 uma banda<\/p>\n","protected":false},"author":1,"featured_media":0,"parent":0,"menu_order":0,"comment_status":"closed","ping_status":"closed","template":"page_full.php","meta":{"om_disable_all_campaigns":false,"_monsterinsights_skip_tracking":false,"_monsterinsights_sitenote_active":false,"_monsterinsights_sitenote_note":"","_monsterinsights_sitenote_category":0},"aioseo_notices":[],"_links":{"self":[{"href":"https:\/\/jozilevi.com\/pb\/wp-json\/wp\/v2\/pages\/33"}],"collection":[{"href":"https:\/\/jozilevi.com\/pb\/wp-json\/wp\/v2\/pages"}],"about":[{"href":"https:\/\/jozilevi.com\/pb\/wp-json\/wp\/v2\/types\/page"}],"author":[{"embeddable":true,"href":"https:\/\/jozilevi.com\/pb\/wp-json\/wp\/v2\/users\/1"}],"replies":[{"embeddable":true,"href":"https:\/\/jozilevi.com\/pb\/wp-json\/wp\/v2\/comments?post=33"}],"version-history":[{"count":64,"href":"https:\/\/jozilevi.com\/pb\/wp-json\/wp\/v2\/pages\/33\/revisions"}],"predecessor-version":[{"id":1202,"href":"https:\/\/jozilevi.com\/pb\/wp-json\/wp\/v2\/pages\/33\/revisions\/1202"}],"wp:attachment":[{"href":"https:\/\/jozilevi.com\/pb\/wp-json\/wp\/v2\/media?parent=33"}],"curies":[{"name":"wp","href":"https:\/\/api.w.org\/{rel}","templated":true}]}}