{"id":817,"date":"2016-02-16T09:52:33","date_gmt":"2016-02-16T09:52:33","guid":{"rendered":"http:\/\/jozilevi.com\/?page_id=817"},"modified":"2016-04-02T11:49:31","modified_gmt":"2016-04-02T11:49:31","slug":"samba-dans-atolyesi","status":"publish","type":"page","link":"https:\/\/jozilevi.com\/it\/samba-dans-atolyesi\/","title":{"rendered":"Workshop di  Ballo Samba"},"content":{"rendered":"<p>[vc_row][vc_column width=&#8221;1\/2&#8243;][vc_column_text]Brasiliano di origine, la Samba, sia la danza di salotto, oppure danza di strada, e un tipo di danza che si fa con un ritmo di 2\/4 o 4\/4 . \u0130l standard ritmo di Samba \u00e8 in una forma di\u00a0 &#8220;quick-quick -slow&#8221; che \u00e8 eseguita nei celebrazioni del Carnevale di Rio de Janeiro, ogni anno .<\/p>\n<p>La musica ritmica originale ha un forte suono di batteria . Samba , che \u00e8 una specie di danza che sono esibiti come danzatori solisti , ma \u00e8 anche un lavoro di squadra . La musica veloce o lento, la Samba \u00e8 fatta in gruppi senza bisogno di un partner per l&#8217;accompagnamento .\u00a0Una danza che fornisce l\u2019individuo di pensare come una squadra, migliora il coordinamento tra il cervello e il corpo , aumenta la consapevolezza e la motivazione delle persone , come i suoi ritmi esuberanti e la figura snella \u00e8 un sacco di divertimento, oltre che migliorare la danza coordinamento .\u00a0Cos\u00ec, diventando pi\u00f9 sicuri e sociali, le persone saranno piu produttive nel lavoro . Un numero massimo di partecipanti 40 persone, senza discriminazioni tra uomini e donne, le persone di tutte le et\u00e0 nella vostra organizzazione possono partecipare a questa attivit\u00e0 .[\/vc_column_text][\/vc_column][vc_column width=&#8221;1\/2&#8243;][vc_gallery type=&#8221;flexslider_fade&#8221; interval=&#8221;3&#8243; images=&#8221;834,833,832,831,830,825&#8243; onclick=&#8221;link_image&#8221; custom_links_target=&#8221;_self&#8221; img_size=&#8221;large&#8221;][\/vc_column][\/vc_row]<\/p>","protected":false},"excerpt":{"rendered":"<p>[vc_row][vc_column width=&#8221;1\/2&#8243;][vc_column_text]Brasiliano di origine, la Samba, sia la danza di salotto, oppure danza di strada, e un tipo di danza<\/p>\n","protected":false},"author":2,"featured_media":830,"parent":0,"menu_order":0,"comment_status":"closed","ping_status":"closed","template":"page_full.php","meta":{"om_disable_all_campaigns":false,"_monsterinsights_skip_tracking":false,"_monsterinsights_sitenote_active":false,"_monsterinsights_sitenote_note":"","_monsterinsights_sitenote_category":0},"aioseo_notices":[],"_links":{"self":[{"href":"https:\/\/jozilevi.com\/it\/wp-json\/wp\/v2\/pages\/817"}],"collection":[{"href":"https:\/\/jozilevi.com\/it\/wp-json\/wp\/v2\/pages"}],"about":[{"href":"https:\/\/jozilevi.com\/it\/wp-json\/wp\/v2\/types\/page"}],"author":[{"embeddable":true,"href":"https:\/\/jozilevi.com\/it\/wp-json\/wp\/v2\/users\/2"}],"replies":[{"embeddable":true,"href":"https:\/\/jozilevi.com\/it\/wp-json\/wp\/v2\/comments?post=817"}],"version-history":[{"count":15,"href":"https:\/\/jozilevi.com\/it\/wp-json\/wp\/v2\/pages\/817\/revisions"}],"predecessor-version":[{"id":903,"href":"https:\/\/jozilevi.com\/it\/wp-json\/wp\/v2\/pages\/817\/revisions\/903"}],"wp:featuredmedia":[{"embeddable":true,"href":"https:\/\/jozilevi.com\/it\/wp-json\/wp\/v2\/media\/830"}],"wp:attachment":[{"href":"https:\/\/jozilevi.com\/it\/wp-json\/wp\/v2\/media?parent=817"}],"curies":[{"name":"wp","href":"https:\/\/api.w.org\/{rel}","templated":true}]}}