{"id":54,"date":"2015-05-27T07:30:11","date_gmt":"2015-05-27T07:30:11","guid":{"rendered":"http:\/\/e-commercetrends.com\/jozi\/?page_id=54"},"modified":"2016-04-25T14:36:03","modified_gmt":"2016-04-25T14:36:03","slug":"jozi-levi-kimdir","status":"publish","type":"page","link":"https:\/\/jozilevi.com\/it\/jozi-levi-kimdir\/","title":{"rendered":"CHI E\u2019 JOZ\u0130 LEV\u0130?"},"content":{"rendered":"<p>[vc_row][vc_column width=&#8221;1\/2&#8243;][vc_single_image image=&#8221;873&#8243; border_color=&#8221;grey&#8221; img_link_target=&#8221;_self&#8221; img_size=&#8221;large&#8221;][\/vc_column][vc_column width=&#8221;1\/2&#8243;][vc_column_text]Jozi Levi, chi da quando era piccolo, aveva gia cominciato a canticchiare con i dischi Italiani di 45 giri sul giradischi portatile di plastica che il suo padre portava dall\u2019estero, \u00e8 nato ad Istanbul quando la citt\u00e0 era la vera Istanbul. Lui non amava solo la musica, ma gli piaceva anche giocare in strada.<\/p>\n<p>Tuttavia a 7 anni ha cominciato la conoscenza della vera musica con le lezioni di piano. Dove ha dimostrato un innato talento per la musica classica,\u00a0 l&#8217;interesse per la musica classica \u00e8 stato prevalente fino a 12 anni, quando ha iniziato a sentire l&#8217;influenza del Pop e del Rock lasciando perdere le lezioni di piano e passando all\u2019 organo. Poi \u00e8 arrivata l&#8217;influenza di Carlos Santana e ha cominciato a interessarsi delle percussioni. Il suo interesse per la musica cresce fino a voler iniziare a suonare di fronte ad un pubblico. La prima esperienza di questa fase \u00e8 stata la fondazione del gruppo <strong>Mini Monsters<\/strong> mentre era alla English High School e in quegli anni lui passava molto tempo all&#8217;auditorium. Ha passato gli anni della scuola media e superiore suonando con <strong>Hakan Behlil, Batu Mutlugil, Bulent &#8220;Monster(Canavar)&#8221; Atl\u0131o\u011flu, Roni Adut, Deniz D\u00fcndar, Harun Kol\u00e7ak, Hamdi Demirel, S\u00fcleyman Ulugay, Rudolf e Manfred Bergemann, \u00d6zkan U\u011fur, Galip Kay\u0131han<\/strong> etc. chi erano gli amici pi\u00f9 cari impegnati a fare la musica insieme, in ogni occasione. La musica \u00e8 un tale mare che non si pu\u00f2 rimanere bloccati in un unico stile. Durante il liceo, Jozi Levi ha cominciato a ascoltare la musica Jazz, Brasiliana e Latina. Durante i suoi 5 anni di universit\u00e0 in Inghilterra ha avuto luogo il primo concerto del Jazz Group Junior in Turchia, in cui suonava ile pianoforte elettrico &#8220;Fender&#8221; Rhodes. Occasionalmente lui raccoglieva percussioni e cercava di imparare da autodidatta.[\/vc_column_text][\/vc_column][\/vc_row][vc_row][vc_column width=&#8221;1\/2&#8243;][vc_column_text]Si \u00e8 laureato in ingegneria elettrica ed elettronica alla Brunel University in Inghilterra e ha iniziato a suonare diverse percussioni Brasiliane quando \u00e8 tornato in Turchia. Negli anni successivi, anche se ha partecipato a diversi eventi a Istanbul per definire la musica solamente amatoriale, ha formato amicizia con la bassista Carlos Benavent e il sassofonista Jorge Pardo, i musicisti del gruppo di Paco de Lucia, e ha suonato con loro in alcune occasioni.<\/p>\n<p>U\u011fur Y\u00fccel \u00e8 intervenuto nella sua carriera professionale: nel 1992 ha fatto concerti durante il\u00a0 Ugur Yucel e Sezen Aksu show, poi ha suonato con Kayahan e ha preso parte ai suoi album e concerti per 3 anni. Per coincidenza, ha conosciuto il famoso maestro delle percussioni Brasiliani, Cyro Baptista e pianista Marcos Silva e ha imparato molto sulle tecniche di musica e percussioni del Brasile, da loro.<\/p>\n<p>Nel 1996, c&#8217;\u00e8 stato l&#8217;incontro con <strong>Melis S\u00f6kmen, Erc\u00fcment Vural<\/strong> e <strong>Tuba \u00d6nal<\/strong> che ha portato alla formazione del gruppo <strong>Pasaporte Latino<\/strong>. Successivamente hanno cominciato a cambiare gli elementi del gruppo (<strong>Zeynep Casalini, Banu Kunt, Carlos Garcia Mayedo, Berna Anter, Serkan \u00d6zy\u0131lmaz, \u015eenova \u00dclker, Aycan Teztel, Mehmet Sezer, Cengiz Baysal, Volkan \u00d6ktem, Turgut Alp Beko\u011flu, Eylem Pelit, Erhan Akhan<\/strong>) e hanno prodotto un album e due TV clip nel 2000.<\/p>\n<p>Il gruppo, dove Jozi Levi era membro fondatore, si \u00e8 sciolto nel settembre 2002 e lui deciso di continuare la sua carriera musicale come percussionista. Sempre nei stessi anni, ha preso parte al progetto di <strong>Emin F\u0131nd\u0131ko\u011flu &amp; Detant<\/strong> e ha partecipato all&#8217;Akbank Jazz Festival e all&#8217;Istanbul Jazz Festival. Ha anche partecipato in alcuni album di <strong>Kerem Gorsev, Kenan Do\u011fulu, Volkan Konak<\/strong> come artista ospite e la sua performance \u00e8 stata caratterizzata da ritmi Brasiliani.<\/p>\n<p>Nel 2003 ha cominciato a suonare il tastiere e percussioni nella <strong>Ayhan Sicimoglu &amp; Latin All Stars<\/strong> band ed ha continuato per 5 anni. Durante questo periodo, ha avuto la possibilit\u00e0 di lavorare con i star di fama mondiale delle percussioni Latine, <strong>Rodrigo Rodriguez<\/strong>, il trombettista <strong>Amik Guerra<\/strong>, il cantante <strong>Armando Miranda<\/strong>, il cantante<strong>Frankie Morales<\/strong> e la violinista Latina <strong>Alfredo de la Fe<\/strong>.[\/vc_column_text][\/vc_column][vc_column width=&#8221;1\/2&#8243;][vc_single_image image=&#8221;874&#8243; border_color=&#8221;grey&#8221; img_link_target=&#8221;_self&#8221; img_size=&#8221;large&#8221;][\/vc_column][\/vc_row][vc_row][vc_column width=&#8221;1\/2&#8243;][vc_single_image image=&#8221;875&#8243; border_color=&#8221;grey&#8221; img_link_target=&#8221;_self&#8221; img_size=&#8221;large&#8221;][\/vc_column][vc_column width=&#8221;1\/2&#8243;][vc_column_text]Dal 2004, ha formato un gruppo di musica Cubana, il <strong>Cub@n-IST<\/strong>, con gli amici intimi<strong>Emir Ersoy<\/strong>, Cuneyt Akgun, Arda Baykurt, Cemil Tatl\u0131p\u0131nar, Tun\u00e7 \u00c7ak\u0131r.<\/p>\n<p>Nello stesso periodo del 2003, <strong>Bate Bumbo<\/strong> brasiliano ha lanciato in Turchia, che e una prima ensemble di percussioni, combinandola anche con la musica elettronica, la musica di DJ, Latin-House, Tribal-House e cos\u00ec via. Egli combina generi musicali della musica brasiliana con le percussioni. Poi, come professionalit\u00e0, ha messo in scena il repertorio acustico che sono solamente ritmi Brasiliani, Samba Batucada.<\/p>\n<p>A met\u00e0 del 2008 ha formato ile suo progetto Brasiliano, <strong>Jozi Levi Brazil Project<\/strong>, che \u00e9 un gruppo impegnato nella musica e nello stile della MPB Bossa Nova, Pagode, Samba, Baiao, ed \u00e8 salito sul palco come attrazione a Istanbul.<\/p>\n<p>Continua tuttora dal 2009 come allenatore \/ moderatore dei workshop \u201c<strong>Ritmo Workshop<\/strong>\u201d per le istituzioni i pi\u00f9 importanti della Turchia.<\/p>\n<p>Dal 2010, ha cominciato a preparare un programma radiofonico con il nome <strong>Musica Brasileira<\/strong> sulla musica brasiliana,\u00a0 alla A\u00e7\u0131k Radio FM 94,9.<\/p>\n<p>Nel 2013 gli \u00e8 stato assegnato il <strong>Ordem de Rio Branco<\/strong>, che \u00e9 la piu importante medaglia di merito del Brasile.[\/vc_column_text][\/vc_column][\/vc_row]<\/p>","protected":false},"excerpt":{"rendered":"<p>[vc_row][vc_column width=&#8221;1\/2&#8243;][vc_single_image image=&#8221;873&#8243; border_color=&#8221;grey&#8221; img_link_target=&#8221;_self&#8221; img_size=&#8221;large&#8221;][\/vc_column][vc_column width=&#8221;1\/2&#8243;][vc_column_text]Jozi Levi, chi da quando era piccolo, aveva gia cominciato a canticchiare con i<\/p>\n","protected":false},"author":1,"featured_media":0,"parent":0,"menu_order":0,"comment_status":"closed","ping_status":"closed","template":"page_full.php","meta":{"om_disable_all_campaigns":false,"_monsterinsights_skip_tracking":false,"_monsterinsights_sitenote_active":false,"_monsterinsights_sitenote_note":"","_monsterinsights_sitenote_category":0},"aioseo_notices":[],"_links":{"self":[{"href":"https:\/\/jozilevi.com\/it\/wp-json\/wp\/v2\/pages\/54"}],"collection":[{"href":"https:\/\/jozilevi.com\/it\/wp-json\/wp\/v2\/pages"}],"about":[{"href":"https:\/\/jozilevi.com\/it\/wp-json\/wp\/v2\/types\/page"}],"author":[{"embeddable":true,"href":"https:\/\/jozilevi.com\/it\/wp-json\/wp\/v2\/users\/1"}],"replies":[{"embeddable":true,"href":"https:\/\/jozilevi.com\/it\/wp-json\/wp\/v2\/comments?post=54"}],"version-history":[{"count":52,"href":"https:\/\/jozilevi.com\/it\/wp-json\/wp\/v2\/pages\/54\/revisions"}],"predecessor-version":[{"id":957,"href":"https:\/\/jozilevi.com\/it\/wp-json\/wp\/v2\/pages\/54\/revisions\/957"}],"wp:attachment":[{"href":"https:\/\/jozilevi.com\/it\/wp-json\/wp\/v2\/media?parent=54"}],"curies":[{"name":"wp","href":"https:\/\/api.w.org\/{rel}","templated":true}]}}