{"id":48,"date":"2015-05-27T07:27:53","date_gmt":"2015-05-27T07:27:53","guid":{"rendered":"http:\/\/e-commercetrends.com\/jozi\/?page_id=48"},"modified":"2017-09-28T17:00:17","modified_gmt":"2017-09-28T17:00:17","slug":"bate-bumbo","status":"publish","type":"page","link":"https:\/\/jozilevi.com\/it\/bate-bumbo\/","title":{"rendered":"Bate Bumbo"},"content":{"rendered":"<p>[vc_row][vc_column width=&#8221;1\/1&#8243;][vc_column_text]<a href=\"http:\/\/jozilevi.com\/wp-content\/uploads\/batelogosmall.png\" rel=\"attachment wp-att-440\"><img decoding=\"async\" loading=\"lazy\" class=\"alignnone size-full wp-image-440 alignleft\" src=\"http:\/\/jozilevi.com\/wp-content\/uploads\/batelogosmall.png\" alt=\"\" width=\"150\" height=\"150\" \/><\/a>Bate Bumbo \u00e8 un gruppo di percussioni Brasiliani, fondato nel 2003 in Turchia da Jozi Levi e che raccoglie i migliori musicisti scelti da Jozi. Per la creazione di questo gruppo, Jozi e\u2019 stato insignito dell\u2019 <strong>Ordem de Rio Branco<\/strong>, che \u00e8 considerato il pi\u00f9 importante delle medaglie di merito in Brasile; inoltre il gruppo Bate Bumbo contribuir\u00e0 alla trasposizione del carnevale di Rio de Janeiro in Turchia a per la prima volta. Questo gruppo poi \u00e8 stato sviluppato con la partecipazione degli studenti e ha preso la sua forma attuale.<\/p>\n<p>Il gruppo Bate Bumbo \u00e8 costitutito da un gruppo di 12 fino a 20 musicisti professionisti con dimostrazioni di autentiche percussioni brasiliane e latine, con l&#8217;uso anche di materiale di recupero in base alla domanda e alla natura della manifestazione e dell&#8217;organizzazione. Vengono usate bottiglie, pezzi di metallo, imballaggi in plastica, bastoni, ruote di auto e cos\u00ec via, come strumenti e materiali creativi.<\/p>\n<p>Uno dei maggiori punti di forza del Bate Bumbo \u00e9 che suonano utilizzando autentici strumenti ritmici brasiliani come Repinique, Surdo, Agogo, Pandeiro, Tamborim, Cuica, Caixa, Reco-Reco, Chocalho, Ganza e senza un sistema di amplificazione audio. Il gruppo si esibisce sul palco e non solo: suonano sul pianale dei camion o a piedi tra il pubblico del carnevale, Bate Bumbo \u00e8 gruppo di percussioni pi\u00f9 flessibile e vario rispetto ad altri gruppi attuali.[\/vc_column_text][\/vc_column][\/vc_row]<\/p>","protected":false},"excerpt":{"rendered":"<p>[vc_row][vc_column width=&#8221;1\/1&#8243;][vc_column_text]Bate Bumbo \u00e8 un gruppo di percussioni Brasiliani, fondato nel 2003 in Turchia da Jozi Levi e che raccoglie<\/p>\n","protected":false},"author":1,"featured_media":0,"parent":0,"menu_order":0,"comment_status":"closed","ping_status":"closed","template":"page_full.php","meta":{"om_disable_all_campaigns":false,"_monsterinsights_skip_tracking":false,"_monsterinsights_sitenote_active":false,"_monsterinsights_sitenote_note":"","_monsterinsights_sitenote_category":0},"aioseo_notices":[],"_links":{"self":[{"href":"https:\/\/jozilevi.com\/it\/wp-json\/wp\/v2\/pages\/48"}],"collection":[{"href":"https:\/\/jozilevi.com\/it\/wp-json\/wp\/v2\/pages"}],"about":[{"href":"https:\/\/jozilevi.com\/it\/wp-json\/wp\/v2\/types\/page"}],"author":[{"embeddable":true,"href":"https:\/\/jozilevi.com\/it\/wp-json\/wp\/v2\/users\/1"}],"replies":[{"embeddable":true,"href":"https:\/\/jozilevi.com\/it\/wp-json\/wp\/v2\/comments?post=48"}],"version-history":[{"count":60,"href":"https:\/\/jozilevi.com\/it\/wp-json\/wp\/v2\/pages\/48\/revisions"}],"predecessor-version":[{"id":1279,"href":"https:\/\/jozilevi.com\/it\/wp-json\/wp\/v2\/pages\/48\/revisions\/1279"}],"wp:attachment":[{"href":"https:\/\/jozilevi.com\/it\/wp-json\/wp\/v2\/media?parent=48"}],"curies":[{"name":"wp","href":"https:\/\/api.w.org\/{rel}","templated":true}]}}