{"id":33,"date":"2015-05-27T07:11:53","date_gmt":"2015-05-27T07:11:53","guid":{"rendered":"http:\/\/e-commercetrends.com\/jozi\/?page_id=33"},"modified":"2017-03-27T16:06:05","modified_gmt":"2017-03-27T16:06:05","slug":"brazil-project","status":"publish","type":"page","link":"https:\/\/jozilevi.com\/it\/brazil-project\/","title":{"rendered":"JOZI LEVI BRAZIL PROJECT"},"content":{"rendered":"<p>[vc_row][vc_column][vc_column_text]<img decoding=\"async\" loading=\"lazy\" class=\"alignleft wp-image-438 size-full\" src=\"http:\/\/jozilevi.com\/wp-content\/uploads\/brazilianlogosmall.png\" alt=\"\" width=\"150\" height=\"150\" \/><\/p>\n<p>Jozi Levi Brazil Project nasce nel 2008 con ile concetto Brasiliano, suonando pezzi in stile Brasiliano come nessun altro nel nostro paese; grazie alla partecipazione di ospiti di volta in volta come Berg Campos (Rio de Janeiro), Luna Whibbe (Rio de Janeiro), Melis S\u00f6kmen, o U\u011fur Y\u00fccel, creando una band per ogni concerto. Finora \u00e8 salito sul palco presso la sede e ad eventi come quello di Istinye Park, Ghetto, Babylon, Istanbul Jazz Center, IKSV T\u00fcnel Festival, MAC (Ankara), Monk by Babylon (\u00c7e\u015fme) e Kanyon.<\/p>\n<p>Jozi Levi Brazil Project che \u00e8 stato formato dal maestro della musica Brasiliana in Turchia, Jozi Levi, con Banu Kunt e con altri amici musicisti talentuosi, suonano un repertorio costiuito di Samba, Pagode, Bossa Nova, Baiao e musica popolare brasiliana MPB.<\/p>\n<p>Il Jozi Levi Brazil Project \u00e8 composto da:\u00a0Jozi Levi &#8211; tastiere\/ percussioni,\u00a0Banu Kunt I\u015eIK- Vocals \/ percussioni,\u00a0Tamer Temel &#8211; Sax \/ flauto,\u00a0Bulut G\u00fclen &#8211; Trombone,\u00a0Kerem T\u00fcrkayd\u0131n &#8211; Chitarra, Cavaquinho\u00a0Kerem K\u00f6seo\u011flu o Volkan Topako\u011flu &#8211; Basso \/ percussioni,\u00a0Izzet Hi\u00e7kalmaz \u2013 Batteria,\u00a0Ivan Kile &#8211; percussioni.[\/vc_column_text][vc_button title=&#8221;Technical Rider&#8221; target=&#8221;_blank&#8221; color=&#8221;btn-warning&#8221; href=&#8221;http:\/\/jozilevi.com\/wp-content\/uploads\/technical.pdf&#8221;][\/vc_column][\/vc_row][vc_row][vc_column width=&#8221;1\/3&#8243;][vc_gallery interval=&#8221;3&#8243; images=&#8221;198,196,197,199,200&#8243; img_size=&#8221;460&#215;410&#8243; title=&#8221;Kanyon&#8221;][\/vc_column][vc_column width=&#8221;1\/3&#8243;][vc_gallery interval=&#8221;3&#8243; images=&#8221;177,178,179&#8243; img_size=&#8221;460&#215;410&#8243; title=&#8221;Ghetto&#8221;][\/vc_column][vc_column width=&#8221;1\/3&#8243;][vc_gallery interval=&#8221;3&#8243; images=&#8221;180,181,182&#8243; img_size=&#8221;460&#215;410&#8243; title=&#8221;IKSV Kanyon&#8221;][\/vc_column][\/vc_row][vc_row][vc_column width=&#8221;1\/3&#8243;][vc_gallery interval=&#8221;3&#8243; images=&#8221;184,185,356,357,358&#8243; img_size=&#8221;460&#215;410&#8243; title=&#8221;IKSV T\u00fcnel \u015eenli\u011fi&#8221;][\/vc_column][vc_column width=&#8221;1\/3&#8243;][vc_gallery interval=&#8221;3&#8243; images=&#8221;186,187,188,189,190,352,354,353,1200&#8243; img_size=&#8221;460&#215;410&#8243; title=&#8221;Summer Tunes &#8211; \u0130stinyepark&#8221;][\/vc_column][vc_column width=&#8221;1\/3&#8243;][vc_gallery interval=&#8221;3&#8243; images=&#8221;361,363,195,191,192,193,194,362,364&#8243; img_size=&#8221;460&#215;410&#8243; title=&#8221;FIFA World Cup &#8211; Coca-Cola&#8221;][\/vc_column][\/vc_row][vc_row][vc_column width=&#8221;1\/3&#8243;][vc_gallery interval=&#8221;3&#8243; images=&#8221;367,208,209,365,366&#8243; img_size=&#8221;460&#215;410&#8243; title=&#8221;Mahalle&#8221;][\/vc_column][vc_column width=&#8221;1\/3&#8243;][vc_gallery interval=&#8221;3&#8243; images=&#8221;202,201,203,204&#8243; img_size=&#8221;460&#215;410&#8243; title=&#8221;JC&#8217;s&#8221;][\/vc_column][vc_column width=&#8221;1\/3&#8243;][vc_gallery interval=&#8221;3&#8243; images=&#8221;370,369,371,373,374&#8243; img_size=&#8221;460&#215;410&#8243; title=&#8221;Beirut-Lebanon&#8221;][\/vc_column][\/vc_row][vc_row][vc_column width=&#8221;1\/3&#8243;][vc_gallery interval=&#8221;3&#8243; images=&#8221;210,211&#8243; img_size=&#8221;460&#215;410&#8243; title=&#8221;Akasya AVM&#8221;][\/vc_column][vc_column width=&#8221;1\/3&#8243;][vc_gallery interval=&#8221;3&#8243; images=&#8221;169,168,170,171,172,173,174&#8243; img_size=&#8221;460&#215;410&#8243; title=&#8221;Jozi Levi Brazil Project&#8221;][\/vc_column][vc_column width=&#8221;1\/3&#8243;][vc_column_text]<br \/>\n[\/vc_column_text][\/vc_column][\/vc_row][vc_row css=&#8221;.vc_custom_1434612426168{margin-top: -75px !important;}&#8221;][vc_column width=&#8221;1\/3&#8243;][vc_column_text]<br \/>\n[\/vc_column_text][\/vc_column][vc_column width=&#8221;1\/3&#8243;][vc_column_text]<br \/>\n[\/vc_column_text][\/vc_column][\/vc_row]<\/p>","protected":false},"excerpt":{"rendered":"<p>[vc_row][vc_column][vc_column_text] Jozi Levi Brazil Project nasce nel 2008 con ile concetto Brasiliano, suonando pezzi in stile Brasiliano come nessun altro<\/p>\n","protected":false},"author":1,"featured_media":0,"parent":0,"menu_order":0,"comment_status":"closed","ping_status":"closed","template":"page_full.php","meta":{"om_disable_all_campaigns":false,"_monsterinsights_skip_tracking":false,"_monsterinsights_sitenote_active":false,"_monsterinsights_sitenote_note":"","_monsterinsights_sitenote_category":0},"aioseo_notices":[],"_links":{"self":[{"href":"https:\/\/jozilevi.com\/it\/wp-json\/wp\/v2\/pages\/33"}],"collection":[{"href":"https:\/\/jozilevi.com\/it\/wp-json\/wp\/v2\/pages"}],"about":[{"href":"https:\/\/jozilevi.com\/it\/wp-json\/wp\/v2\/types\/page"}],"author":[{"embeddable":true,"href":"https:\/\/jozilevi.com\/it\/wp-json\/wp\/v2\/users\/1"}],"replies":[{"embeddable":true,"href":"https:\/\/jozilevi.com\/it\/wp-json\/wp\/v2\/comments?post=33"}],"version-history":[{"count":64,"href":"https:\/\/jozilevi.com\/it\/wp-json\/wp\/v2\/pages\/33\/revisions"}],"predecessor-version":[{"id":1202,"href":"https:\/\/jozilevi.com\/it\/wp-json\/wp\/v2\/pages\/33\/revisions\/1202"}],"wp:attachment":[{"href":"https:\/\/jozilevi.com\/it\/wp-json\/wp\/v2\/media?parent=33"}],"curies":[{"name":"wp","href":"https:\/\/api.w.org\/{rel}","templated":true}]}}