{"id":815,"date":"2016-02-16T09:51:52","date_gmt":"2016-02-16T09:51:52","guid":{"rendered":"http:\/\/jozilevi.com\/?page_id=815"},"modified":"2018-02-08T16:27:17","modified_gmt":"2018-02-08T16:27:17","slug":"samba-ritim-atolyesi","status":"publish","type":"page","link":"https:\/\/jozilevi.com\/en\/samba-ritim-atolyesi\/","title":{"rendered":"RHYTHM WORKSHOP"},"content":{"rendered":"<p>[vc_row][vc_column width=&#8221;1\/1&#8243;][vc_column_text]We provide an experience of extraordinary moments for our participants, and melt them into their own culture, habitat and client experiences in meetings, congresses, events, motivational and team-building activites etc.<\/p>\n<p>People of any age and of capacity between 30 to 300 participants can join in our \u201cSamba \u2013Batucada\u201d rhythm workshops and team building activities, which aim to increase their motivation, work as a team, power up the communication, and create a \u2018team building\u2019 spirit, while having an utmost entertainment.<\/p>\n<p>We invite all of you to experience these moments.[\/vc_column_text][\/vc_column][\/vc_row][vc_row][vc_column width=&#8221;1\/3&#8243;][vc_gallery type=&#8221;flexslider_fade&#8221; interval=&#8221;3&#8243; images=&#8221;227,232,233,221,222,223,224,225,226,228,229,230,231&#8243; onclick=&#8221;link_image&#8221; custom_links_target=&#8221;_self&#8221; img_size=&#8221;460&#215;410&#8243; title=&#8221;Avea&#8221;][\/vc_column][vc_column width=&#8221;1\/3&#8243;][vc_gallery type=&#8221;flexslider_fade&#8221; interval=&#8221;3&#8243; images=&#8221;234,235,236,237&#8243; onclick=&#8221;link_image&#8221; custom_links_target=&#8221;_self&#8221; title=&#8221;Ayakkab\u0131 D\u00fcnyas\u0131&#8221; img_size=&#8221;460&#215;410&#8243;][\/vc_column][vc_column width=&#8221;1\/3&#8243;][vc_gallery type=&#8221;flexslider_fade&#8221; interval=&#8221;3&#8243; images=&#8221;238,314,244,239,240,241,242,243,245,246,247,248,347,346&#8243; onclick=&#8221;link_image&#8221; custom_links_target=&#8221;_self&#8221; title=&#8221;Form Sant\u00e9 Weekend &#8211; G\u00fcral Sapanca&#8221; img_size=&#8221;460&#215;410&#8243;][\/vc_column][\/vc_row][vc_row][vc_column width=&#8221;1\/3&#8243;][vc_gallery type=&#8221;flexslider_fade&#8221; interval=&#8221;3&#8243; images=&#8221;251,249,250,252&#8243; onclick=&#8221;link_image&#8221; custom_links_target=&#8221;_self&#8221; img_size=&#8221;460&#215;410&#8243; title=&#8221;Novartis&#8221;][\/vc_column][vc_column width=&#8221;1\/3&#8243;][vc_gallery type=&#8221;flexslider_fade&#8221; interval=&#8221;3&#8243; images=&#8221;253,254,255&#8243; onclick=&#8221;link_image&#8221; custom_links_target=&#8221;_self&#8221; title=&#8221;P&amp;G Kazakistan&#8221; img_size=&#8221;460&#215;410&#8243;][\/vc_column][vc_column width=&#8221;1\/3&#8243;][vc_gallery type=&#8221;flexslider_fade&#8221; interval=&#8221;3&#8243; images=&#8221;256&#8243; onclick=&#8221;link_image&#8221; custom_links_target=&#8221;_self&#8221; img_size=&#8221;460&#215;410&#8243; title=&#8221;Florence Nightingale&#8221;][\/vc_column][\/vc_row][vc_row][vc_column width=&#8221;1\/3&#8243;][vc_gallery type=&#8221;flexslider_fade&#8221; interval=&#8221;3&#8243; images=&#8221;257,258,259,260,294,293,290,289,288,287,286&#8243; onclick=&#8221;link_image&#8221; custom_links_target=&#8221;_self&#8221; img_size=&#8221;460&#215;410&#8243; title=&#8221;Weekend 4US&#8221;][\/vc_column][vc_column width=&#8221;1\/3&#8243;][vc_gallery type=&#8221;flexslider_fade&#8221; interval=&#8221;3&#8243; images=&#8221;265,811&#8243; onclick=&#8221;link_image&#8221; custom_links_target=&#8221;_self&#8221; title=&#8221;Beirut-Lebanon&#8221; img_size=&#8221;460&#215;410&#8243;][\/vc_column][vc_column width=&#8221;1\/3&#8243;][vc_gallery type=&#8221;flexslider_fade&#8221; interval=&#8221;3&#8243; images=&#8221;269,270&#8243; onclick=&#8221;link_image&#8221; custom_links_target=&#8221;_self&#8221; title=&#8221;MSD \u0130la\u00e7&#8221; img_size=&#8221;460&#215;410&#8243;][\/vc_column][\/vc_row][vc_row][vc_column width=&#8221;1\/3&#8243;][vc_gallery type=&#8221;flexslider_fade&#8221; interval=&#8221;3&#8243; images=&#8221;271,272,273&#8243; onclick=&#8221;link_image&#8221; custom_links_target=&#8221;_self&#8221; img_size=&#8221;460&#215;410&#8243; title=&#8221;Novo Nordisk&#8221;][\/vc_column][vc_column width=&#8221;1\/3&#8243;][vc_gallery type=&#8221;flexslider_fade&#8221; interval=&#8221;3&#8243; images=&#8221;274,275,276&#8243; onclick=&#8221;link_image&#8221; custom_links_target=&#8221;_self&#8221; title=&#8221;SAP&#8221; img_size=&#8221;460&#215;410&#8243;][\/vc_column][vc_column width=&#8221;1\/3&#8243;][vc_gallery type=&#8221;flexslider_fade&#8221; interval=&#8221;3&#8243; images=&#8221;277,279&#8243; onclick=&#8221;link_image&#8221; custom_links_target=&#8221;_self&#8221; title=&#8221;Procter&amp;Gamble&#8221; img_size=&#8221;460&#215;410&#8243;][\/vc_column][\/vc_row][vc_row][vc_column width=&#8221;1\/3&#8243;][vc_gallery type=&#8221;flexslider_fade&#8221; interval=&#8221;3&#8243; images=&#8221;282,280,281&#8243; onclick=&#8221;link_image&#8221; custom_links_target=&#8221;_self&#8221; img_size=&#8221;460&#215;410&#8243; title=&#8221;STFA&#8221;][\/vc_column][vc_column width=&#8221;1\/3&#8243;][vc_gallery type=&#8221;flexslider_fade&#8221; interval=&#8221;3&#8243; images=&#8221;283,284,285&#8243; onclick=&#8221;link_image&#8221; custom_links_target=&#8221;_self&#8221; title=&#8221;BBDO&#8221; img_size=&#8221;460&#215;410&#8243;][\/vc_column][vc_column width=&#8221;1\/3&#8243;][vc_gallery type=&#8221;flexslider_fade&#8221; interval=&#8221;3&#8243; images=&#8221;679,680,681,682&#8243; onclick=&#8221;link_image&#8221; custom_links_target=&#8221;_self&#8221; title=&#8221;MSD \u0130la\u00e7 &#8211; 2&#8243; img_size=&#8221;460&#215;410&#8243;][\/vc_column][\/vc_row][vc_row][vc_column width=&#8221;1\/3&#8243;][vc_gallery type=&#8221;flexslider_fade&#8221; interval=&#8221;3&#8243; images=&#8221;683,684,685,686&#8243; onclick=&#8221;link_image&#8221; custom_links_target=&#8221;_self&#8221; img_size=&#8221;460&#215;410&#8243; title=&#8221;Roche&#8221;][\/vc_column][vc_column width=&#8221;1\/3&#8243;][vc_column_text]<br \/>\n[\/vc_column_text][\/vc_column][vc_column width=&#8221;1\/3&#8243;][vc_column_text]<br \/>\n[\/vc_column_text][\/vc_column][\/vc_row][vc_row css=&#8221;.vc_custom_1434720051029{margin-top: 50px !important;}&#8221;][vc_column width=&#8221;1\/1&#8243;][vc_custom_heading text=&#8221;V\u0130DEOLAR&#8221; font_container=&#8221;tag:h3|text_align:left&#8221; google_fonts=&#8221;font_family:Arvo%3Aregular%2Citalic%2C700%2C700italic|font_style:400%20regular%3A400%3Anormal&#8221; css=&#8221;.vc_custom_1434718449419{margin-top: -50px !important;}&#8221;][\/vc_column][\/vc_row][vc_row css=&#8221;.vc_custom_1434718508369{margin-top: -75px !important;}&#8221;][vc_column width=&#8221;1\/3&#8243;][vc_video title=&#8221;Tan\u0131t\u0131m Videosu&#8221; link=&#8221;https:\/\/youtu.be\/EbxIVLOpdvk&#8221;][\/vc_column][vc_column width=&#8221;1\/3&#8243;][vc_video title=&#8221;T\u00fcrk Telekom&#8221; link=&#8221;https:\/\/youtu.be\/8pwlVc81Q0Y&#8221;][\/vc_column][vc_column width=&#8221;1\/3&#8243;][vc_video title=&#8221;Siemens&#8221; link=&#8221;https:\/\/youtu.be\/8tnw6R90SO4&#8243;][\/vc_column][\/vc_row][vc_row][vc_column width=&#8221;1\/3&#8243;][vc_video title=&#8221;Rotary Club&#8221; link=&#8221;https:\/\/www.youtube.com\/watch?v=CedLefSJgCU&#8221;][\/vc_column][vc_column width=&#8221;1\/3&#8243;][vc_video title=&#8221;3M Workshop in Poland&#8221; link=&#8221;https:\/\/youtu.be\/ocSRZr92j8k&#8221;][\/vc_column][vc_column width=&#8221;1\/3&#8243;][\/vc_column][\/vc_row]<\/p>","protected":false},"excerpt":{"rendered":"<p>[vc_row][vc_column width=&#8221;1\/1&#8243;][vc_column_text]We provide an experience of extraordinary moments for our participants, and melt them into their own culture, habitat and<\/p>\n","protected":false},"author":2,"featured_media":0,"parent":0,"menu_order":0,"comment_status":"closed","ping_status":"closed","template":"page_full.php","meta":{"om_disable_all_campaigns":false,"_monsterinsights_skip_tracking":false,"_monsterinsights_sitenote_active":false,"_monsterinsights_sitenote_note":"","_monsterinsights_sitenote_category":0},"aioseo_notices":[],"_links":{"self":[{"href":"https:\/\/jozilevi.com\/en\/wp-json\/wp\/v2\/pages\/815"}],"collection":[{"href":"https:\/\/jozilevi.com\/en\/wp-json\/wp\/v2\/pages"}],"about":[{"href":"https:\/\/jozilevi.com\/en\/wp-json\/wp\/v2\/types\/page"}],"author":[{"embeddable":true,"href":"https:\/\/jozilevi.com\/en\/wp-json\/wp\/v2\/users\/2"}],"replies":[{"embeddable":true,"href":"https:\/\/jozilevi.com\/en\/wp-json\/wp\/v2\/comments?post=815"}],"version-history":[{"count":21,"href":"https:\/\/jozilevi.com\/en\/wp-json\/wp\/v2\/pages\/815\/revisions"}],"predecessor-version":[{"id":1282,"href":"https:\/\/jozilevi.com\/en\/wp-json\/wp\/v2\/pages\/815\/revisions\/1282"}],"wp:attachment":[{"href":"https:\/\/jozilevi.com\/en\/wp-json\/wp\/v2\/media?parent=815"}],"curies":[{"name":"wp","href":"https:\/\/api.w.org\/{rel}","templated":true}]}}