{"id":48,"date":"2015-05-27T07:27:53","date_gmt":"2015-05-27T07:27:53","guid":{"rendered":"http:\/\/e-commercetrends.com\/jozi\/?page_id=48"},"modified":"2017-09-28T17:00:17","modified_gmt":"2017-09-28T17:00:17","slug":"bate-bumbo","status":"publish","type":"page","link":"https:\/\/jozilevi.com\/en\/bate-bumbo\/","title":{"rendered":"Bate Bumbo"},"content":{"rendered":"<p>[vc_row][vc_column width=&#8221;1\/1&#8243;][vc_column_text]<strong><img decoding=\"async\" loading=\"lazy\" class=\"alignleft wp-image-440 size-thumbnail\" src=\"http:\/\/jozilevi.com\/wp-content\/uploads\/batelogosmall-150x150.png\" alt=\"\" width=\"150\" height=\"150\" \/><\/strong><\/p>\n<p><strong>Bate Bumbo<\/strong> percussion band was launched in 2003 by Jozi Levi &#8211; who was the only person in Turkey playing Brazilian percussion and rhythms for a long period &#8211; and his valuable musician friends. With Bate Bumbo\u2019s formation, which has a big importance on Jozi Levi to be awarded as an \u201cOfficer\u201d with Brasil\u2019s one of the most important honorific order, \u201c<strong>Ordem de Rio Branco\u201d, <\/strong>the first percussion band playing Brazil\u2019s Rio de Janerio carnaval rhythms in Turkey, was born. With evolution over time and with the participation of some of his students, the band took its current line-up.<\/p>\n<p><strong>Bate Bumbo<\/strong> is a cheerful band with members ranging between 12 to 20 professional percussionists. In their shows, many conventional percussion instruments as well as creative materials such as corporate promotional items, metals, bottles, sticks, plastic packaging materials, auto wheel rims etc. can be used depending on customer demands.<\/p>\n<p>One of the strong features of <strong>Bate Bumbo<\/strong> is that authentic Brazilian percussion instruments such as <em>Repinique, Surdo, Agogo, Pandeiro, Tamborim, Cuica, Caixa, Reco-Reco, Chocalho, Ganza <\/em>are played in their shows and the band does not need a PA sound system. The band not only performs on stage; their specialty of being able to perform off stage, on a moving truck, walking in &amp; playing among the audience as in a street carnaval, makes Bate Bumbo more flexible and original than most of other percussion bands.<\/p>\n<p><strong>\u00a0<\/strong>[\/vc_column_text][\/vc_column][\/vc_row][vc_row][vc_column width=&#8221;1\/3&#8243;][vc_gallery type=&#8221;flexslider_fade&#8221; interval=&#8221;3&#8243; images=&#8221;120,119,118,117,116&#8243; onclick=&#8221;link_image&#8221; custom_links_target=&#8221;_self&#8221; title=&#8221;Global Agency&#8221; img_size=&#8221;460&#215;410&#8243;][vc_gallery type=&#8221;flexslider_fade&#8221; interval=&#8221;3&#8243; images=&#8221;144,9,146,141,142,143,145&#8243; onclick=&#8221;link_image&#8221; custom_links_target=&#8221;_self&#8221; title=&#8221;Lig TV&#8221; img_size=&#8221;460&#215;410&#8243;][\/vc_column][vc_column width=&#8221;1\/3&#8243;][vc_gallery type=&#8221;flexslider_fade&#8221; interval=&#8221;3&#8243; images=&#8221;136&#8243; onclick=&#8221;link_image&#8221; custom_links_target=&#8221;_self&#8221; title=&#8221;HTC &#8211; Turkcell El\u00e7iler Zirvesi&#8221; img_size=&#8221;460&#215;410&#8243;][vc_gallery type=&#8221;flexslider_fade&#8221; interval=&#8221;3&#8243; images=&#8221;128,129,130&#8243; onclick=&#8221;link_image&#8221; custom_links_target=&#8221;_self&#8221; title=&#8221;Swissotel&#8221; img_size=&#8221;460&#215;410&#8243;][\/vc_column][vc_column width=&#8221;1\/3&#8243;][vc_gallery type=&#8221;flexslider_fade&#8221; interval=&#8221;3&#8243; images=&#8221;108,109,110,111,112&#8243; onclick=&#8221;link_image&#8221; custom_links_target=&#8221;_self&#8221; title=&#8221;Philip Morris Happy Hour&#8221; img_size=&#8221;460&#215;410&#8243;][vc_gallery type=&#8221;flexslider_fade&#8221; interval=&#8221;3&#8243; images=&#8221;150,151,152,153&#8243; onclick=&#8221;link_image&#8221; custom_links_target=&#8221;_self&#8221; img_size=&#8221;460&#215;410&#8243; title=&#8221;D\u00fc\u011f\u00fcn Daveti&#8221;][\/vc_column][\/vc_row][vc_row][vc_column width=&#8221;1\/3&#8243;][vc_gallery type=&#8221;flexslider_fade&#8221; interval=&#8221;3&#8243; images=&#8221;122,318,319,320,321&#8243; onclick=&#8221;link_image&#8221; custom_links_target=&#8221;_self&#8221; img_size=&#8221;460&#215;410&#8243; title=&#8221;Barmitzvah&#8221;][\/vc_column][vc_column width=&#8221;1\/3&#8243;][vc_gallery type=&#8221;flexslider_fade&#8221; interval=&#8221;3&#8243; images=&#8221;133,134,135&#8243; onclick=&#8221;link_image&#8221; custom_links_target=&#8221;_self&#8221; title=&#8221;Bursa Korupark AVM&#8221; img_size=&#8221;460&#215;410&#8243;][\/vc_column][vc_column width=&#8221;1\/3&#8243;][vc_gallery type=&#8221;flexslider_fade&#8221; interval=&#8221;3&#8243; images=&#8221;113,114,115&#8243; onclick=&#8221;link_image&#8221; custom_links_target=&#8221;_self&#8221; title=&#8221;Borusan&#8221; img_size=&#8221;460&#215;410&#8243;][\/vc_column][\/vc_row][vc_row][vc_column width=&#8221;1\/3&#8243;][vc_gallery type=&#8221;flexslider_fade&#8221; interval=&#8221;3&#8243; images=&#8221;137,138,139&#8243; onclick=&#8221;link_image&#8221; custom_links_target=&#8221;_self&#8221; img_size=&#8221;460&#215;410&#8243; title=&#8221;KNORR&#8221;][\/vc_column][vc_column width=&#8221;1\/3&#8243;][vc_gallery type=&#8221;flexslider_fade&#8221; interval=&#8221;3&#8243; images=&#8221;162&#8243; onclick=&#8221;link_image&#8221; custom_links_target=&#8221;_self&#8221; title=&#8221;Nesfit&#8221; img_size=&#8221;460&#215;410&#8243;][\/vc_column][vc_column width=&#8221;1\/3&#8243;][vc_gallery type=&#8221;flexslider_fade&#8221; interval=&#8221;3&#8243; images=&#8221;154,155,156&#8243; onclick=&#8221;link_image&#8221; custom_links_target=&#8221;_self&#8221; title=&#8221;Les Ottomans&#8221; img_size=&#8221;460&#215;410&#8243;][\/vc_column][\/vc_row][vc_row][vc_column width=&#8221;1\/3&#8243;][vc_gallery type=&#8221;flexslider_fade&#8221; interval=&#8221;3&#8243; images=&#8221;158,349,350&#8243; onclick=&#8221;link_image&#8221; custom_links_target=&#8221;_self&#8221; title=&#8221;Radikal&#8221; img_size=&#8221;460&#215;410&#8243;][\/vc_column][vc_column width=&#8221;1\/3&#8243;][vc_gallery type=&#8221;flexslider_fade&#8221; interval=&#8221;3&#8243; images=&#8221;131,132&#8243; onclick=&#8221;link_image&#8221; custom_links_target=&#8221;_self&#8221; img_size=&#8221;460&#215;410&#8243; title=&#8221;Nike&#8221;][\/vc_column][vc_column width=&#8221;1\/3&#8243;][vc_gallery type=&#8221;flexslider_fade&#8221; interval=&#8221;3&#8243; images=&#8221;160,161&#8243; onclick=&#8221;link_image&#8221; custom_links_target=&#8221;_self&#8221; title=&#8221;Mars Cinebonus&#8221; img_size=&#8221;460&#215;410&#8243;][\/vc_column][\/vc_row][vc_row][vc_column width=&#8221;1\/3&#8243;][vc_gallery type=&#8221;flexslider_fade&#8221; interval=&#8221;3&#8243; images=&#8221;159&#8243; onclick=&#8221;link_image&#8221; custom_links_target=&#8221;_self&#8221; img_size=&#8221;460&#215;410&#8243; title=&#8221;Bah\u00e7e\u015fehir \u00dcniversitesi&#8221;][\/vc_column][vc_column width=&#8221;1\/3&#8243;][vc_gallery type=&#8221;flexslider_fade&#8221; interval=&#8221;3&#8243; images=&#8221;92,89,90,94,95,97,98,103,106,107,330,207&#8243; onclick=&#8221;link_image&#8221; custom_links_target=&#8221;_self&#8221; img_size=&#8221;460&#215;410&#8243; title=&#8221;Bate Bumbo&#8221;][\/vc_column][vc_column width=&#8221;1\/3&#8243;][vc_gallery type=&#8221;flexslider_fade&#8221; interval=&#8221;3&#8243; images=&#8221;147,148,149&#8243; onclick=&#8221;link_image&#8221; custom_links_target=&#8221;_self&#8221; title=&#8221;Efes Pilsen&#8221; img_size=&#8221;460&#215;410&#8243;][\/vc_column][\/vc_row][vc_row css=&#8221;.vc_custom_1434722041609{margin-top: -75px !important;}&#8221;][vc_column width=&#8221;1\/1&#8243;][vc_custom_heading text=&#8221;V\u0130DEOLAR&#8221; font_container=&#8221;tag:h3|text_align:left&#8221; google_fonts=&#8221;font_family:Arvo%3Aregular%2Citalic%2C700%2C700italic|font_style:400%20regular%3A400%3Anormal&#8221;][\/vc_column][\/vc_row][vc_row css=&#8221;.vc_custom_1434722071369{margin-top: -75px !important;}&#8221;][vc_column width=&#8221;1\/3&#8243;][vc_video title=&#8221;HTC ile Flash Mob \u2013 Turkcell El\u00e7iler Zirvesi&#8221; link=&#8221;https:\/\/youtu.be\/RorBBvXJ0jQ&#8221;][\/vc_column][vc_column width=&#8221;1\/3&#8243;][vc_video title=&#8221;ShowTV&#8221; link=&#8221;https:\/\/www.youtube.com\/watch?v=i6pVIxGk_us&#8221;][\/vc_column][vc_column width=&#8221;1\/3&#8243;][vc_video title=&#8221;Ajda Pekkan Konser&#8221; link=&#8221;https:\/\/youtu.be\/VWamXxCcw2M&#8221;][\/vc_column][\/vc_row][vc_row][vc_column width=&#8221;1\/3&#8243;][vc_video title=&#8221;Bate Bumbo Tan\u0131t\u0131m Videosu &#8211; 1&#8243; link=&#8221;https:\/\/www.youtube.com\/watch?v=6gk3NA-SlDg&#8221;][\/vc_column][vc_column width=&#8221;1\/3&#8243;][vc_video title=&#8221;Bate Bumbo Tan\u0131t\u0131m Videosu &#8211; 2&#8243; link=&#8221;https:\/\/youtu.be\/bzwApk9IKzI&#8221;][\/vc_column][vc_column width=&#8221;1\/3&#8243;][vc_video title=&#8221;Nesfit&#8221; link=&#8221;https:\/\/www.youtube.com\/watch?v=q_XMjysgq90&amp;feature=youtu.be&#8221;][\/vc_column][\/vc_row]<\/p>","protected":false},"excerpt":{"rendered":"<p>[vc_row][vc_column width=&#8221;1\/1&#8243;][vc_column_text] Bate Bumbo percussion band was launched in 2003 by Jozi Levi &#8211; who was the only person in<\/p>\n","protected":false},"author":1,"featured_media":0,"parent":0,"menu_order":0,"comment_status":"closed","ping_status":"closed","template":"page_full.php","meta":{"om_disable_all_campaigns":false,"_monsterinsights_skip_tracking":false,"_monsterinsights_sitenote_active":false,"_monsterinsights_sitenote_note":"","_monsterinsights_sitenote_category":0},"aioseo_notices":[],"_links":{"self":[{"href":"https:\/\/jozilevi.com\/en\/wp-json\/wp\/v2\/pages\/48"}],"collection":[{"href":"https:\/\/jozilevi.com\/en\/wp-json\/wp\/v2\/pages"}],"about":[{"href":"https:\/\/jozilevi.com\/en\/wp-json\/wp\/v2\/types\/page"}],"author":[{"embeddable":true,"href":"https:\/\/jozilevi.com\/en\/wp-json\/wp\/v2\/users\/1"}],"replies":[{"embeddable":true,"href":"https:\/\/jozilevi.com\/en\/wp-json\/wp\/v2\/comments?post=48"}],"version-history":[{"count":60,"href":"https:\/\/jozilevi.com\/en\/wp-json\/wp\/v2\/pages\/48\/revisions"}],"predecessor-version":[{"id":1279,"href":"https:\/\/jozilevi.com\/en\/wp-json\/wp\/v2\/pages\/48\/revisions\/1279"}],"wp:attachment":[{"href":"https:\/\/jozilevi.com\/en\/wp-json\/wp\/v2\/media?parent=48"}],"curies":[{"name":"wp","href":"https:\/\/api.w.org\/{rel}","templated":true}]}}