{"id":33,"date":"2015-05-27T07:11:53","date_gmt":"2015-05-27T07:11:53","guid":{"rendered":"http:\/\/e-commercetrends.com\/jozi\/?page_id=33"},"modified":"2017-03-27T16:06:05","modified_gmt":"2017-03-27T16:06:05","slug":"brazil-project","status":"publish","type":"page","link":"https:\/\/jozilevi.com\/en\/brazil-project\/","title":{"rendered":"Jozi Levi Brazil Project"},"content":{"rendered":"<p>[vc_row][vc_column][vc_column_text]<img decoding=\"async\" loading=\"lazy\" class=\"alignleft wp-image-438 size-full\" src=\"http:\/\/jozilevi.com\/wp-content\/uploads\/brazilianlogosmall.png\" alt=\"\" width=\"150\" height=\"150\" \/><\/p>\n<p>Launched in 2008, the Brazilian concept band \u2018Jozi Levi Brazil Project\u2019 playing only Brazilian sounds, \u00a0is a one-of-a-kind concert band in which from time to time, special guest stars are also featured (Berg Campos (Rio de Janeiro), Luna Whibbe (Rio de Janeiro), Melis S\u00f6kmen, U\u011fur Y\u00fccel).<\/p>\n<p>Until now, many performances took place in venues like Ghetto, Babylon, Istanbul Jazz Center, IKSV Tunel Fest, MAC (Ankara), Monk by Babylon (\u00c7e\u015fme), Kanyon, Istinyepark etc.<\/p>\n<p>\u201cJozi Levi Brazil Project\u201d which was formed by the master of the Brazilian music in Turkey, Jozi Levi, together with Banu Kunt Isik and Jozi\u2019s talented musician friends, has a massive repertoire that includes the styles of Samba, Pagode, Bossa Nova, Bai\u00e3o, and generally Brazilian music and rhythms in MPB playlists.<\/p>\n<p>\u2018Jozi Levi Brazil Project\u2019 consists of these valuable musicians: \u00a0Jozi Levi on keyboards\/percussion, Banu Kunt Isik on vocals\/percussion, Tamer Temel on sax\/flute\/percussion, Bulut Gulen on trombone\/percussion, Kerem Turkayd\u0131n on guitar\/cavaquinho\/percussion, Kerem Koseoglu or Volkan Topakoglu on bass guitar\/percussion, Izzet Hickalmaz on drums, Ivan Kile on percussion.[\/vc_column_text][vc_button title=&#8221;Technical Rider&#8221; color=&#8221;btn-warning&#8221; href=&#8221;http:\/\/jozilevi.com\/wp-content\/uploads\/technical.pdf&#8221;][\/vc_column][\/vc_row][vc_row][vc_column width=&#8221;1\/3&#8243;][vc_gallery interval=&#8221;3&#8243; images=&#8221;198,196,197,199,200&#8243; img_size=&#8221;460&#215;410&#8243; title=&#8221;Kanyon&#8221;][\/vc_column][vc_column width=&#8221;1\/3&#8243;][vc_gallery interval=&#8221;3&#8243; images=&#8221;177,178,179&#8243; img_size=&#8221;460&#215;410&#8243; title=&#8221;Ghetto&#8221;][\/vc_column][vc_column width=&#8221;1\/3&#8243;][vc_gallery interval=&#8221;3&#8243; images=&#8221;180,181,182&#8243; img_size=&#8221;460&#215;410&#8243; title=&#8221;IKSV Kanyon&#8221;][\/vc_column][\/vc_row][vc_row][vc_column width=&#8221;1\/3&#8243;][vc_gallery interval=&#8221;3&#8243; images=&#8221;184,185,356,357,358&#8243; img_size=&#8221;460&#215;410&#8243; title=&#8221;IKSV T\u00fcnel \u015eenli\u011fi&#8221;][\/vc_column][vc_column width=&#8221;1\/3&#8243;][vc_gallery interval=&#8221;3&#8243; images=&#8221;186,187,188,189,190,352,354,353,1200&#8243; img_size=&#8221;460&#215;410&#8243; title=&#8221;Summer Tunes &#8211; \u0130stinyepark&#8221;][\/vc_column][vc_column width=&#8221;1\/3&#8243;][vc_gallery interval=&#8221;3&#8243; images=&#8221;361,363,195,191,192,193,194,362,364&#8243; img_size=&#8221;460&#215;410&#8243; title=&#8221;FIFA World Cup &#8211; Coca-Cola&#8221;][\/vc_column][\/vc_row][vc_row][vc_column width=&#8221;1\/3&#8243;][vc_gallery interval=&#8221;3&#8243; images=&#8221;367,208,209,365,366&#8243; img_size=&#8221;460&#215;410&#8243; title=&#8221;Mahalle&#8221;][\/vc_column][vc_column width=&#8221;1\/3&#8243;][vc_gallery interval=&#8221;3&#8243; images=&#8221;202,201,203,204&#8243; img_size=&#8221;460&#215;410&#8243; title=&#8221;JC&#8217;s&#8221;][\/vc_column][vc_column width=&#8221;1\/3&#8243;][vc_gallery interval=&#8221;3&#8243; images=&#8221;370,369,371,373,374&#8243; img_size=&#8221;460&#215;410&#8243; title=&#8221;Beirut-Lebanon&#8221;][\/vc_column][\/vc_row][vc_row][vc_column width=&#8221;1\/3&#8243;][vc_gallery interval=&#8221;3&#8243; images=&#8221;210,211&#8243; img_size=&#8221;460&#215;410&#8243; title=&#8221;Akasya AVM&#8221;][\/vc_column][vc_column width=&#8221;1\/3&#8243;][vc_gallery interval=&#8221;3&#8243; images=&#8221;169,168,170,171,172,173,174&#8243; img_size=&#8221;460&#215;410&#8243; title=&#8221;Jozi Levi Brazil Project&#8221;][\/vc_column][vc_column width=&#8221;1\/3&#8243;][vc_column_text]<br \/>\n[\/vc_column_text][\/vc_column][\/vc_row][vc_row css=&#8221;.vc_custom_1434612426168{margin-top: -75px !important;}&#8221;][vc_column width=&#8221;1\/3&#8243;][vc_column_text]<br \/>\n[\/vc_column_text][\/vc_column][vc_column width=&#8221;1\/3&#8243;][vc_column_text]<br \/>\n[\/vc_column_text][\/vc_column][\/vc_row]<\/p>","protected":false},"excerpt":{"rendered":"<p>[vc_row][vc_column][vc_column_text] Launched in 2008, the Brazilian concept band \u2018Jozi Levi Brazil Project\u2019 playing only Brazilian sounds, \u00a0is a one-of-a-kind concert<\/p>\n","protected":false},"author":1,"featured_media":0,"parent":0,"menu_order":0,"comment_status":"closed","ping_status":"closed","template":"page_full.php","meta":{"om_disable_all_campaigns":false,"_monsterinsights_skip_tracking":false,"_monsterinsights_sitenote_active":false,"_monsterinsights_sitenote_note":"","_monsterinsights_sitenote_category":0},"aioseo_notices":[],"_links":{"self":[{"href":"https:\/\/jozilevi.com\/en\/wp-json\/wp\/v2\/pages\/33"}],"collection":[{"href":"https:\/\/jozilevi.com\/en\/wp-json\/wp\/v2\/pages"}],"about":[{"href":"https:\/\/jozilevi.com\/en\/wp-json\/wp\/v2\/types\/page"}],"author":[{"embeddable":true,"href":"https:\/\/jozilevi.com\/en\/wp-json\/wp\/v2\/users\/1"}],"replies":[{"embeddable":true,"href":"https:\/\/jozilevi.com\/en\/wp-json\/wp\/v2\/comments?post=33"}],"version-history":[{"count":64,"href":"https:\/\/jozilevi.com\/en\/wp-json\/wp\/v2\/pages\/33\/revisions"}],"predecessor-version":[{"id":1202,"href":"https:\/\/jozilevi.com\/en\/wp-json\/wp\/v2\/pages\/33\/revisions\/1202"}],"wp:attachment":[{"href":"https:\/\/jozilevi.com\/en\/wp-json\/wp\/v2\/media?parent=33"}],"curies":[{"name":"wp","href":"https:\/\/api.w.org\/{rel}","templated":true}]}}