{"id":703,"date":"2015-06-29T07:48:57","date_gmt":"2015-06-29T07:48:57","guid":{"rendered":"http:\/\/jozilevi.com\/?page_id=703"},"modified":"2016-04-02T11:44:09","modified_gmt":"2016-04-02T11:44:09","slug":"jozinin-ritmi","status":"publish","type":"page","link":"http:\/\/jozilevi.com\/pb\/jozinin-ritmi\/","title":{"rendered":"O ritmo da JOZI"},"content":{"rendered":"<p>[vc_row][vc_column width=&#8221;1\/1&#8221;][vc_column_text]N\u00f3s, como Universidade Sabanci, Unidade de Desenvolvimento Executivo &#8220;SU EDU&#8221;, assumiram uma miss\u00e3o e afirma\u00e7\u00e3o importante.<\/p>\n<p>Nossa miss\u00e3o: Transferir o mundo acad\u00eamico para o mundo dos neg\u00f3cios, e transferir o mundo dos neg\u00f3cios para a academia &#8230;<\/p>\n<p>Nossa reivindica\u00e7\u00e3o: Criar e melhorar juntos<\/p>\n<p>Uni\u00e3o e criatividade s\u00e3o os nossos fundamentos. Estamos cientes da import\u00e2ncia da uni\u00e3o e ser uma equipe, no mundo dos neg\u00f3cios.<\/p>\n<p>Os princ\u00edpios da vida \u00e9 o ritmo. O universo est\u00e1 em um ritmo maravilhoso. N\u00f3s algum perca o qu\u00e3o importante \u00e9 o ritmo da uni\u00e3o e tornar-se uma equipe.<\/p>\n<p>Para se tornar uma grande equipe &#8230; para alcan\u00e7ar o mesmo objectivo com as mesmas emo\u00e7\u00f5es e partilhar o mesmo entusiasmo. Mas para que isso aconte\u00e7a dentro de uma vez identificados.<\/p>\n<p>No Outono de 2013, n\u00f3s falamos sobre todos estes, quando nos reunimos com Jozi. Nosso cliente era uma empresa p\u00fablica muito importante. Jozi explicou e mostrou v\u00eddeos. Ele nos deu os exemplos das funda\u00e7\u00f5es que ele havia trabalhado antes.<\/p>\n<p>Nas instala\u00e7\u00f5es do SU-EDU, em 23 de outubro de 2013 e \u00e0s 17:30, decidimos fazer um desfile de Carnaval com instrumentos de percuss\u00e3o brasileira e com a participa\u00e7\u00e3o de 25 pessoas. Jozi estava dizendo que a orquestra estaria pronto em 40-45 minutos &#8230;<\/p>\n<p>Foi a atividade mais emocionante, mas assustando do programa &#8220;Cultura de gest\u00e3o conjunta&#8221; para mim. Uma atividade que eu nunca tinha feito antes &#8230; Como \u00e9 que os gestores de funda\u00e7\u00e3o p\u00fablica reagir? E se eles n\u00e3o gostaria de participar!<\/p>\n<p>E o dia veio &#8230;.<\/p>\n<p>Jozi veio com seus instrumentos de percuss\u00e3o. Devo admitir que eu n\u00e3o poderia compar\u00e1-los com qualquer coisa, al\u00e9m do mais eu os encontrei primitivo. No momento em que os vi, meu medo tem mais e mais.<\/p>\n<p>Ap\u00f3s a educa\u00e7\u00e3o de classe 7 horas, levamos os participantes para o grande hall. Todo mundo estava confuso &#8230; Jozi come\u00e7ou a falar. Quase todos os participantes estavam nervosos. A maioria deles estavam dizendo que eles n\u00e3o tinham preocupa\u00e7\u00e3o com a m\u00fasica.<\/p>\n<p>Depois de um tempo, todo mundo escolheu seu pr\u00f3prio &#8220;instrumento&#8221;. Reco-reco, Guica, Ganza, Agogo e muitos mais &#8230;<\/p>\n<p>Pr\u00e1tica continuou. Em primeiro lugar, Jozi primeiro explicou os grupos, um por um, como eles iriam tocar seus instrumentos. Em seguida, deix\u00e1-los trabalhar. Os ru\u00eddos eram t\u00e3o horr\u00edveis que era imposs\u00edvel de descrever. Meus olhos estavam no rel\u00f3gio. Meia hora se passou, mas ainda n\u00e3o havia harmonia. Ou as grandes equipes ou equipes pequenas n\u00e3o poderia pegar o ritmo juntos. No entanto, todos os grupos foram &#8220;no clima&#8221;. Eles pareciam muito felizes. Como se suas ansiedades tinham desaparecido. Eu acho que eles n\u00e3o tinham conhecimento dos sons horr\u00edveis que eles estavam fazendo.<\/p>\n<p>Eu estava ficando desmoralizados. Devido a olhar para o meu rel\u00f3gio, eu n\u00e3o poderia concentrar-se no &#8220;ganza&#8221; na minha m\u00e3o. Com a desculpa de um telefonema urgente, deixei o meu grupo e foi para o terra\u00e7o com a ideia de que o ar frio outubro me faria sentir melhor. Fiz algumas conversas por telefone, eu acho que eu deliberadamente desperdi\u00e7ado meu tempo durante esses 10 minutos. Depois, voltei para a sala e eu estava preocupado em como eu iria superar esta falha; e eu estava rezando. Enquanto eu me aproximava do sal\u00e3o, eu n\u00e3o poderia BELIVE meus ouvidos eu estava ouvindo sons de orquestra surpreendentes. O mais perto eu chegava, mais claro se tem. Este foi um &#8220;milagre&#8221; real. milagre de Jozi.<\/p>\n<p>Quando entrei no sal\u00e3o, todos os nossos amigos foram desfilando ao jogar os seus pr\u00f3prios instrumentos. O entusiasmo do sucesso rodeado todo o meu corpo. Eu n\u00e3o poderia manter-me para n\u00e3o pensar &#8220;qu\u00e3o r\u00e1pido eles se tornaram brasileiro&#8221;<\/p>\n<p>Jozi manteve sua promessa. Os participantes estavam t\u00e3o ansiosos que n\u00f3s fizemos essa caminhada desfile, algumas vezes. Em conclus\u00e3o, n\u00f3s discutimos e comentou sobre como se tornar uma equipe, o ritmo de aprendizagem e t\u00e9cnicas. Isto tornou-se um momento inesquec\u00edvel e experi\u00eancia para todos n\u00f3s.<\/p>\n<p>Obrigado, Jozi &#8230;.<\/p>\n<p>Oya Torum &#8211; Consultor da Universidade Sabanci[\/vc_column_text][\/vc_column][\/vc_row]<\/p>","protected":false},"excerpt":{"rendered":"<p>[vc_row][vc_column width=&#8221;1\/1&#8221;][vc_column_text]N\u00f3s, como Universidade Sabanci, Unidade de Desenvolvimento Executivo &#8220;SU EDU&#8221;, assumiram uma miss\u00e3o e afirma\u00e7\u00e3o importante. Nossa miss\u00e3o: Transferir<\/p>\n","protected":false},"author":1,"featured_media":0,"parent":0,"menu_order":0,"comment_status":"closed","ping_status":"open","template":"page_full.php","meta":{"om_disable_all_campaigns":false,"_monsterinsights_skip_tracking":false,"_monsterinsights_sitenote_active":false,"_monsterinsights_sitenote_note":"","_monsterinsights_sitenote_category":0},"aioseo_notices":[],"_links":{"self":[{"href":"http:\/\/jozilevi.com\/pb\/wp-json\/wp\/v2\/pages\/703"}],"collection":[{"href":"http:\/\/jozilevi.com\/pb\/wp-json\/wp\/v2\/pages"}],"about":[{"href":"http:\/\/jozilevi.com\/pb\/wp-json\/wp\/v2\/types\/page"}],"author":[{"embeddable":true,"href":"http:\/\/jozilevi.com\/pb\/wp-json\/wp\/v2\/users\/1"}],"replies":[{"embeddable":true,"href":"http:\/\/jozilevi.com\/pb\/wp-json\/wp\/v2\/comments?post=703"}],"version-history":[{"count":6,"href":"http:\/\/jozilevi.com\/pb\/wp-json\/wp\/v2\/pages\/703\/revisions"}],"predecessor-version":[{"id":899,"href":"http:\/\/jozilevi.com\/pb\/wp-json\/wp\/v2\/pages\/703\/revisions\/899"}],"wp:attachment":[{"href":"http:\/\/jozilevi.com\/pb\/wp-json\/wp\/v2\/media?parent=703"}],"curies":[{"name":"wp","href":"https:\/\/api.w.org\/{rel}","templated":true}]}}