{"id":700,"date":"2015-06-29T08:09:23","date_gmt":"2015-06-29T08:09:23","guid":{"rendered":"http:\/\/jozilevi.com\/?page_id=700"},"modified":"2016-04-25T15:15:09","modified_gmt":"2016-04-25T15:15:09","slug":"ne-dediler","status":"publish","type":"page","link":"http:\/\/jozilevi.com\/pb\/ne-dediler\/","title":{"rendered":"Depoimentos"},"content":{"rendered":"<p>[vc_row][vc_column width=&#8221;1\/2&#8243;][vc_single_image border_color=&#8221;grey&#8221; img_link_target=&#8221;_self&#8221; image=&#8221;702&#8243; img_size=&#8221;430&#215;320&#8243;][\/vc_column][vc_column width=&#8221;1\/2&#8243;][vc_column_text]&#8221;N\u00f3s, como ag\u00eancia, exigiu uma extraordin\u00e1ria atividade, divertido e cheio de energia, a fim de integrar os novos amigos juntou-se \u00e0 equipe e para refrescar a lealdade de nossos amigos que t\u00eam vindo a trabalhar com a gente, por um longo tempo.<\/p>\n<p>Jozi, com suas habilidades de carisma, energia e treinamento, deu a ag\u00eancia uma atmosfera de carnaval. N\u00f3s nos sentimos como se tiv\u00e9ssemos ido para o Rio para uma noite. A maioria de n\u00f3s foram habilmente e melodiously tocar os instrumentos que n\u00f3s nunca tinha visto antes. N\u00f3s n\u00e3o podia acreditar que os sons que produzimos. Nos sentimos como Olo Dum. N\u00e3o havia nenhum sambistas superiores do que n\u00f3s. A ag\u00eancia tornou-se um cora\u00e7\u00e3o unido e n\u00f3s acreditamos mais uma vez que far\u00edamos enormes obras, em conjunto e em harmonia. Obrigado Jozi. &#8221;<\/p>\n<p>Haluk Sicimo\u011flu &#8211; Chief Strategy Officer, BBDO Turquia[\/vc_column_text][\/vc_column][\/vc_row][vc_row][vc_column width=&#8221;1\/1&#8243;][vc_separator color=&#8221;grey&#8221; style=&#8221;dashed&#8221;][\/vc_column][\/vc_row][vc_row][vc_column width=&#8221;1\/2&#8243;][vc_column_text]Realizamos reuni\u00f5es de muito sucesso juntos, deixe-me citar o mais recente: Eu tinha um grupo regional na Unilever &#8211; minha equipe foi localizado em 6 locais diferentes. Um grupo de membros de cerca de 10 nacionalidades diferentes, a partir de Casablanca para Riyadh, a partir de Moscovo para Cairo. A maioria deles n\u00e3o tinha visto uns aos outros, nem falou. Reunimos o grupo em Heybeli para uma reuni\u00e3o de 3 dias. As apresenta\u00e7\u00f5es habituais, alimentos e bebidas, etc, mas realmente necess\u00e1rio um elemento infusive. Jozi e seus amigos criou um ambiente amig\u00e1vel e sincero al\u00e9m da na\u00e7\u00e3o e da linguagem. \u00c9 claro, viajar de Jozi todo o mundo e tamb\u00e9m o reconhecimento, tendo uma compreens\u00e3o de v\u00e1rias l\u00ednguas e culturas foi o maior catalisador.<\/p>\n<p>10 anos se passaram e eu ainda ouvir que como a reuni\u00e3o da empresa mais feliz lembrado. Al\u00e9m disso, de acordo com a mim, criando um esp\u00edrito muito da equipe em uma noite com equipamento m\u00ednimo e simplicidade, n\u00e3o assustar os outros, \u00e9 uma oportunidade a n\u00e3o perder. Eu tinha algu\u00e9m (percussionista) a partir de Joanesburgo para estes trabalhos semelhantes at\u00e9 ent\u00e3o, mas agora n\u00e3o h\u00e1 melhor em Istambul!<\/p>\n<p>Hakan Behlil &#8211; World Food Vice-Presidente, Unilever[\/vc_column_text][\/vc_column][vc_column width=&#8221;1\/2&#8243;][vc_single_image border_color=&#8221;grey&#8221; img_link_target=&#8221;_self&#8221; img_size=&#8221;430&#215;330&#8243; image=&#8221;745&#8243; alignment=&#8221;right&#8221;][\/vc_column][\/vc_row][vc_row][vc_column width=&#8221;1\/1&#8243;][vc_separator color=&#8221;grey&#8221; style=&#8221;dashed&#8221;][\/vc_column][\/vc_row][vc_row][vc_column width=&#8221;1\/2&#8243;][vc_single_image border_color=&#8221;grey&#8221; img_link_target=&#8221;_self&#8221; img_size=&#8221;430&#215;320&#8243; image=&#8221;714&#8243;][\/vc_column][vc_column width=&#8221;1\/2&#8243;][vc_column_text]N\u00f3s, como Universidade Sabanci, Unidade de Desenvolvimento Executivo &#8220;SU EDU&#8221;, assumiram uma miss\u00e3o e afirma\u00e7\u00e3o importante.<\/p>\n<p>Nossa miss\u00e3o: Transferir o mundo acad\u00eamico para o mundo dos neg\u00f3cios, e transferir o mundo dos neg\u00f3cios para a academia &#8230;<\/p>\n<p>Nossa reivindica\u00e7\u00e3o: Criar e melhorar juntos<\/p>\n<p>Uni\u00e3o e criatividade s\u00e3o os nossos fundamentos. Estamos cientes da import\u00e2ncia da uni\u00e3o e ser uma equipe, no mundo dos neg\u00f3cios.<\/p>\n<p>Os princ\u00edpios da vida \u00e9 o ritmo. O universo est\u00e1 em um ritmo maravilhoso. N\u00f3s algum perca o qu\u00e3o importante \u00e9 o ritmo da uni\u00e3o e tornar-se uma equipe.<\/p>\n<p>.<a href=\"http:\/\/jozilevi.com\/pb\/jozinin-ritmi\/\">Leia mais&gt;<\/a>[\/vc_column_text][\/vc_column][\/vc_row][vc_row][vc_column width=&#8221;1\/1&#8243;][vc_separator color=&#8221;grey&#8221; style=&#8221;dashed&#8221;][\/vc_column][\/vc_row][vc_row][vc_column width=&#8221;1\/2&#8243;][vc_column_text]A parte mais inesquec\u00edvel e surpreendente de nosso programa onde trabalhamos sobre os temas se tornar uma equipe, esp\u00edrito de equipe e comunica\u00e7\u00e3o entre a equipe, foi a experi\u00eancia que vivemos com o querido Jozi.<\/p>\n<p>Como um bom time de verdade, o que mais tentamos absorver enquanto trabalh\u00e1vamos juntos, foi criar um ambiente onde os indiv\u00edduos poderiam fazer-se ouvir, mas sempre agindo dentro de um esp\u00edrito de equipe. Trabalhar indiv\u00edduos preocupados com o sucesso da equipe, ouvir os indiv\u00edduos conversando entre si, suas capacidades de consultar uns aos outros quando necess\u00e1rio, e ao mesmo tempo sentindo um ambiente favor\u00e1vel e de confian\u00e7a.<\/p>\n<p>O workshop de Jozi metaforicamente nos deu a chance de processar experimentalmente todos estes elementos citados atrav\u00e9s da m\u00fasica, do entretenimento e do lazer.<\/p>\n<p>O senso de ritmo que come\u00e7ou com sons diferentes na equipe, mas, em seguida, unidos, enquanto todos n\u00f3s faz\u00edamos esfor\u00e7o, nos apoiando mutuamente, teve um resultado inesperado que encantou a todos n\u00f3s. nos sentimos t\u00e3o talentosos que quer\u00edamos mais, quer\u00edamos at\u00e9 mostrar nosso sucesso \u00e0s outras equipes na empresa. Consequentemente, tocamos num palco e adoramos ser uma equipe no palco e receber muitos aplausos.<\/p>\n<p>Toda esta experi\u00eancia, ao criar uma lembran\u00e7a em comum dentro da equipe, tem sido o primeiro e inesquec\u00edvel come\u00e7o de conversa entre n\u00f3s, em todas as reuni\u00f5es. O querido Jozi forneceu-nos uma experi\u00eancia que come\u00e7ou bastante simples, apesar de altamente barulhenta, e que depois se transformou em algo extremamente r\u00edtmico, energ\u00e9tico e muito divertido. Muito obrigado por seu apoio e paci\u00eancia.<\/p>\n<p>Isil Ulger &#8211; Diretor M\u00e9dico, MSD[\/vc_column_text][\/vc_column][vc_column width=&#8221;1\/2&#8243;][vc_single_image border_color=&#8221;grey&#8221; img_link_target=&#8221;_self&#8221; img_size=&#8221;430&#215;330&#8243; image=&#8221;606&#8243; alignment=&#8221;right&#8221;][\/vc_column][\/vc_row][vc_row][vc_column width=&#8221;1\/1&#8243;][vc_separator color=&#8221;grey&#8221; style=&#8221;dashed&#8221;][\/vc_column][\/vc_row]<\/p>","protected":false},"excerpt":{"rendered":"<p>[vc_row][vc_column width=&#8221;1\/2&#8243;][vc_single_image border_color=&#8221;grey&#8221; img_link_target=&#8221;_self&#8221; image=&#8221;702&#8243; img_size=&#8221;430&#215;320&#8243;][\/vc_column][vc_column width=&#8221;1\/2&#8243;][vc_column_text]&#8221;N\u00f3s, como ag\u00eancia, exigiu uma extraordin\u00e1ria atividade, divertido e cheio de energia, a fim<\/p>\n","protected":false},"author":2,"featured_media":0,"parent":0,"menu_order":0,"comment_status":"closed","ping_status":"closed","template":"page_full.php","meta":{"om_disable_all_campaigns":false,"_monsterinsights_skip_tracking":false,"_monsterinsights_sitenote_active":false,"_monsterinsights_sitenote_note":"","_monsterinsights_sitenote_category":0},"aioseo_notices":[],"_links":{"self":[{"href":"http:\/\/jozilevi.com\/pb\/wp-json\/wp\/v2\/pages\/700"}],"collection":[{"href":"http:\/\/jozilevi.com\/pb\/wp-json\/wp\/v2\/pages"}],"about":[{"href":"http:\/\/jozilevi.com\/pb\/wp-json\/wp\/v2\/types\/page"}],"author":[{"embeddable":true,"href":"http:\/\/jozilevi.com\/pb\/wp-json\/wp\/v2\/users\/2"}],"replies":[{"embeddable":true,"href":"http:\/\/jozilevi.com\/pb\/wp-json\/wp\/v2\/comments?post=700"}],"version-history":[{"count":24,"href":"http:\/\/jozilevi.com\/pb\/wp-json\/wp\/v2\/pages\/700\/revisions"}],"predecessor-version":[{"id":959,"href":"http:\/\/jozilevi.com\/pb\/wp-json\/wp\/v2\/pages\/700\/revisions\/959"}],"wp:attachment":[{"href":"http:\/\/jozilevi.com\/pb\/wp-json\/wp\/v2\/media?parent=700"}],"curies":[{"name":"wp","href":"https:\/\/api.w.org\/{rel}","templated":true}]}}