{"id":56,"date":"2015-05-27T07:30:45","date_gmt":"2015-05-27T07:30:45","guid":{"rendered":"http:\/\/e-commercetrends.com\/jozi\/?page_id=56"},"modified":"2016-04-02T08:00:06","modified_gmt":"2016-04-02T08:00:06","slug":"iletisim","status":"publish","type":"page","link":"http:\/\/jozilevi.com\/pb\/iletisim\/","title":{"rendered":"\u0130leti\u015fim"},"content":{"rendered":"<p>Sizleri de bu e\u015f\u015fiz deneyimleri ya\u015famaya davet ediyoruz.<\/p>\n<p>\u0130leti\u015fim i\u00e7in:\u00a0<strong><a href=\"mailto:info@jozilevi.com\">info@jozilevi.com<\/a><\/strong><\/p>","protected":false},"excerpt":{"rendered":"<p>Sizleri de bu e\u015f\u015fiz deneyimleri ya\u015famaya davet ediyoruz. \u0130leti\u015fim i\u00e7in:\u00a0info@jozilevi.com<\/p>\n","protected":false},"author":1,"featured_media":0,"parent":0,"menu_order":0,"comment_status":"closed","ping_status":"closed","template":"page_full.php","meta":{"om_disable_all_campaigns":false,"_monsterinsights_skip_tracking":false,"_monsterinsights_sitenote_active":false,"_monsterinsights_sitenote_note":"","_monsterinsights_sitenote_category":0},"aioseo_notices":[],"_links":{"self":[{"href":"http:\/\/jozilevi.com\/pb\/wp-json\/wp\/v2\/pages\/56"}],"collection":[{"href":"http:\/\/jozilevi.com\/pb\/wp-json\/wp\/v2\/pages"}],"about":[{"href":"http:\/\/jozilevi.com\/pb\/wp-json\/wp\/v2\/types\/page"}],"author":[{"embeddable":true,"href":"http:\/\/jozilevi.com\/pb\/wp-json\/wp\/v2\/users\/1"}],"replies":[{"embeddable":true,"href":"http:\/\/jozilevi.com\/pb\/wp-json\/wp\/v2\/comments?post=56"}],"version-history":[{"count":14,"href":"http:\/\/jozilevi.com\/pb\/wp-json\/wp\/v2\/pages\/56\/revisions"}],"predecessor-version":[{"id":880,"href":"http:\/\/jozilevi.com\/pb\/wp-json\/wp\/v2\/pages\/56\/revisions\/880"}],"wp:attachment":[{"href":"http:\/\/jozilevi.com\/pb\/wp-json\/wp\/v2\/media?parent=56"}],"curies":[{"name":"wp","href":"https:\/\/api.w.org\/{rel}","templated":true}]}}