{"id":54,"date":"2015-05-27T07:30:11","date_gmt":"2015-05-27T07:30:11","guid":{"rendered":"http:\/\/e-commercetrends.com\/jozi\/?page_id=54"},"modified":"2016-04-25T14:36:03","modified_gmt":"2016-04-25T14:36:03","slug":"jozi-levi-kimdir","status":"publish","type":"page","link":"http:\/\/jozilevi.com\/pb\/jozi-levi-kimdir\/","title":{"rendered":"QUEM \u00c9 JOZI LEVI?"},"content":{"rendered":"<p>[vc_row][vc_column width=&#8221;1\/2&#8243;][vc_single_image image=&#8221;873&#8243; border_color=&#8221;grey&#8221; img_link_target=&#8221;_self&#8221; img_size=&#8221;large&#8221;][\/vc_column][vc_column width=&#8221;1\/2&#8243;][vc_column_text]Jozi Levi, cujo interesse musical come\u00e7ou quando ele ainda mal conseguia falar, cantarolando junto com os singles de 45 rpm que seu pai costumava trazer da It\u00e1lia, nasceu quando Istambul costumava ser a &#8220;verdadeira&#8221; Istambul.<\/p>\n<p>Al\u00e9m de ser um verdadeiro amante da m\u00fasica, ele tamb\u00e9m conhecia e gostava de tocar nas ruas em sua inf\u00e2ncia. Mas seu \u201cverdadeiro\u201d encontro com a m\u00fasica foi quando come\u00e7ou a ter aulas de piano, aos 7 anos de idade. Ele era dotado e poderia ter continuado com a m\u00fasica cl\u00e1ssica. No entanto, Jozi disse adeus \u00e0 m\u00fasica cl\u00e1ssica e \u00e0s aulas de piano. Ele escolheu os g\u00eaneros pop e rock e come\u00e7ou a tocar teclados e \u00f3rg\u00e3o. Durante o mesmo per\u00edodo, seu interesse pela m\u00fasica floresceu e virou uma paix\u00e3o, e ele come\u00e7ou a caminhar na dire\u00e7\u00e3o dos instrumentos de percuss\u00e3o, sendo inspirado especialmente pela m\u00fasica de <strong>Carlos Santana<\/strong>. E ent\u00e3o, essa crian\u00e7a apaixonada estreou \u201cEnglish High School\u201d em sua escola, com sua banda &#8220;<strong>Mini Monsters<\/strong>&#8220;.<\/p>\n<p>Em seus primeiros anos, Jozi tocava com seus bons amigos, como <strong>Hakan Behlil, Batu Mutlugil, B\u00fclent \u201cCanavar\u201d Atl\u0131o\u011flu, Roni Adut, Deniz D\u00fcndar, Harun Kol\u00e7ak, Hamdi Demirel, S\u00fcleyman Ulagay, Rudolf ve Manfred Bergemann, \u00d6zkan U\u011fur <\/strong>e <strong>Galip Kay\u0131han<\/strong> em todas as ocasi\u00f5es poss\u00edveis. Quando a \u201cm\u00fasica\u201d \u00e9 seu amor, voc\u00ea n\u00e3o pode ficar com apenas um g\u00eanero. Jozi Levi estava interessado em jazz, m\u00fasica brasileira e latina em seus anos de adolesc\u00eancia. Ele tocou o piano el\u00e9trico \u201cFender Rhodes\u201d por cinco anos durante sua educa\u00e7\u00e3o superior no Reino Unido e tamb\u00e9m na sua primeira banda na Turquia, <strong>\u201cJazz Junior\u201d<\/strong>. Jozi come\u00e7ou a colecionar instrumentos de percuss\u00e3o e tentou aprender a toc\u00e1-los por conta pr\u00f3pria. Embora fosse um m\u00fasico amador, durante os anos seguintes, Jozi conseguiu tocar em alguns eventos de m\u00fasica em Istambul, gra\u00e7as \u00e0 sua extrovers\u00e3o. Ele conheceu m\u00fasicos importantes como o baixista <strong>Carlos Benavent<\/strong> e <strong>Jorge Pardo<\/strong>, saxofonista da banda de Paco de Lucia, e tamb\u00e9m teve a oportunidade de tocar com eles em uma ou duas ocasi\u00f5es.[\/vc_column_text][\/vc_column][\/vc_row][vc_row][vc_column width=&#8221;1\/2&#8243;][vc_column_text]<strong>U\u011fur Y\u00fccel<\/strong> foi a chave na vida de Jozi para levar sua paix\u00e3o para um n\u00edvel profissional. Depois de participar do<strong> U\u011fur Y\u00fccel &amp; Sezen Aksu Show<\/strong> em 1992, Jozi foi parte de todos os concertos do <strong>Kayahan<\/strong> e algumas grava\u00e7\u00f5es por 3 anos. Coisas boas continuaram acontecendo&#8230; Ele conheceu o mestre da percuss\u00e3o brasileira <strong>Cyro Baptista<\/strong> e o pianista <strong>Marcos Silva<\/strong> por coincid\u00eancia. Eles o ajudaram a melhorar seu conhecimento de m\u00fasica brasileira e t\u00e9cnicas de percuss\u00e3o.<\/p>\n<p>Em 1996, <strong>Passaporte Latino<\/strong> foi lan\u00e7ado em conjunto com <strong>Melis S\u00f6kmen, Erc\u00fcment Vural<\/strong> e <strong>Tu\u011fba<\/strong> <strong>\u00d6nal<\/strong>. Em 2000, a banda lan\u00e7ou um \u00e1lbum e 2 videoclipes com seus membros renovados <strong>(Zeynep Casalini, Banu Kunt, Carlos Garcia Mayedo, Berna Anter, Serkan \u00d6zy\u0131lmaz, Senova Ulker, Aycan Teztel, Mehmet Sezer, Cengiz Baysal, Volkan Oktem, Turgut Alp Beko\u011flu, Eylem Pelit, Erhan Akhan<\/strong>).<\/p>\n<p>Em 2002, os integrantes da banda se separaram para seguirem novos desafios. Durante o mesmo ano, o co-fundador e o percussionista da banda, Jozi, participou do Festival de Jazz de Akbank e do Festival de Jazz de Istambul com <strong>Emin F\u0131nd\u0131ko\u011flu and Detant Project<\/strong>.<\/p>\n<p>Ele participou de \u00e1lbuns do <strong>Volkan Konak, Kerem G\u00f6rsev<\/strong> e <strong>Kenan Do\u011fulu<\/strong>, acrescentando-lhes uma pitada de sabores brasileiros.<\/p>\n<p>Jozi tocou piano e instrumentos de percuss\u00e3o durante 5 anos na <strong>Ayhan Sicimo\u011flu &amp; Latin All Stars<\/strong>, uma banda lan\u00e7ada em 2003. Durante este per\u00edodo, ele teve a oportunidade de conhecer e tocar com m\u00fasicos do mundo todo, como o percussionista <strong>Rodrigo Rodriguez<\/strong>, o trompetista <strong>Amik Guerra<\/strong>, os cantores <strong>Armando Miranda<\/strong> e <strong>Frankie Morales<\/strong>, e o violinista <strong>Alfredo de la Fe<\/strong>.<\/p>\n<p>Em 2004, ele co-fundou a banda, <strong>Cub@n-IST<\/strong> com seus amigos mais pr\u00f3ximos <strong>Emir Ersoy, C\u00fcneyt Akg\u00fcn, Arda Baykurt, Cemil Tatl\u0131p\u0131nar<\/strong> e <strong>Tun\u00e7 Cakir<\/strong>.[\/vc_column_text][\/vc_column][vc_column width=&#8221;1\/2&#8243;][vc_single_image image=&#8221;874&#8243; border_color=&#8221;grey&#8221; img_link_target=&#8221;_self&#8221; img_size=&#8221;large&#8221;][\/vc_column][\/vc_row][vc_row][vc_column width=&#8221;1\/2&#8243;][vc_single_image image=&#8221;875&#8243; border_color=&#8221;grey&#8221; img_link_target=&#8221;_self&#8221; img_size=&#8221;large&#8221;][\/vc_column][vc_column width=&#8221;1\/2&#8243;][vc_column_text]Ao mesmo tempo, ele assumiu o papel principal no primeiro bloco brasileiro na Turquia, <strong>Bate Bumbo<\/strong>. Ele combinou m\u00fasica playback de DJ, eletr\u00f4nica, House Latino, House Tribal e muitos outros estilos dan\u00e7antes com sabores musicais brasileiros. Mais tarde, ele voltou aos fundamentos dos conceitos e shows organizados nos quais criou repert\u00f3rios ac\u00fasticos, constitu\u00eddos por apenas ritmos brasileiros ac\u00fasticos de Samba Batucada.<\/p>\n<p>Em meados de 2008, ele lan\u00e7ou sua banda <strong>Jozi Levi Brazil Project<\/strong>, na qual se apresenta em estilos Bossa Nova, Pagode, Samba, MPB e Bai\u00e3o. A banda se apresentou em v\u00e1rios dos maiores locais de Istambul, incluindo no IKSV Istanbul Jazz Festival.<\/p>\n<p>Ele come\u00e7ou suas oficinas corporativas de ritmo para constru\u00e7\u00e3o de equipes, e as organizou como moderador\/educador para as mais conceituadas empresas e funda\u00e7\u00f5es na Turquia.<\/p>\n<p>Desde 2010 Jozi tem produzido e apresentado seu programa de r\u00e1dio <strong>Musica Brazileira<\/strong> na A\u00e7\u0131k Radyo FM 94,9.<\/p>\n<p>Em 2013, ele foi premiado como Oficial com uma das ordens honor\u00edficas mais importantes do Brasil, a chamada <strong>Ordem de Rio Branco<\/strong>, pelo seu apoio na divulga\u00e7\u00e3o da m\u00fasica e cultura brasileiras na Turquia.[\/vc_column_text][\/vc_column][\/vc_row]<\/p>","protected":false},"excerpt":{"rendered":"<p>[vc_row][vc_column width=&#8221;1\/2&#8243;][vc_single_image image=&#8221;873&#8243; border_color=&#8221;grey&#8221; img_link_target=&#8221;_self&#8221; img_size=&#8221;large&#8221;][\/vc_column][vc_column width=&#8221;1\/2&#8243;][vc_column_text]Jozi Levi, cujo interesse musical come\u00e7ou quando ele ainda mal conseguia falar, cantarolando junto<\/p>\n","protected":false},"author":1,"featured_media":0,"parent":0,"menu_order":0,"comment_status":"closed","ping_status":"closed","template":"page_full.php","meta":{"om_disable_all_campaigns":false,"_monsterinsights_skip_tracking":false,"_monsterinsights_sitenote_active":false,"_monsterinsights_sitenote_note":"","_monsterinsights_sitenote_category":0},"aioseo_notices":[],"_links":{"self":[{"href":"http:\/\/jozilevi.com\/pb\/wp-json\/wp\/v2\/pages\/54"}],"collection":[{"href":"http:\/\/jozilevi.com\/pb\/wp-json\/wp\/v2\/pages"}],"about":[{"href":"http:\/\/jozilevi.com\/pb\/wp-json\/wp\/v2\/types\/page"}],"author":[{"embeddable":true,"href":"http:\/\/jozilevi.com\/pb\/wp-json\/wp\/v2\/users\/1"}],"replies":[{"embeddable":true,"href":"http:\/\/jozilevi.com\/pb\/wp-json\/wp\/v2\/comments?post=54"}],"version-history":[{"count":52,"href":"http:\/\/jozilevi.com\/pb\/wp-json\/wp\/v2\/pages\/54\/revisions"}],"predecessor-version":[{"id":957,"href":"http:\/\/jozilevi.com\/pb\/wp-json\/wp\/v2\/pages\/54\/revisions\/957"}],"wp:attachment":[{"href":"http:\/\/jozilevi.com\/pb\/wp-json\/wp\/v2\/media?parent=54"}],"curies":[{"name":"wp","href":"https:\/\/api.w.org\/{rel}","templated":true}]}}