{"id":52,"date":"2015-05-27T07:29:36","date_gmt":"2015-05-27T07:29:36","guid":{"rendered":"http:\/\/e-commercetrends.com\/jozi\/?page_id=52"},"modified":"2016-04-02T15:18:00","modified_gmt":"2016-04-02T15:18:00","slug":"atolyeler","status":"publish","type":"page","link":"http:\/\/jozilevi.com\/pb\/atolyeler\/","title":{"rendered":"Ritim At\u00f6lyesi"},"content":{"rendered":"<p>[vc_row][vc_column width=&#8221;1\/1&#8243;][vc_column_text]Toplant\u0131, kongre, motivasyonu destekleyici aktivite vb. etkinliklerde kat\u0131l\u0131mc\u0131lar\u0131m\u0131za \u00f6zel deneyimler ya\u015fat\u0131p, bu deneyimlerin t\u00fcm\u00fcn\u00fc kendi k\u00fclt\u00fcr, \u00e7evre ve m\u00fc\u015fteri deneyimleriyle birle\u015ftirme f\u0131rsat\u0131 sa\u011fl\u0131yoruz.<\/p>\n<p>30 ile 300 kat\u0131l\u0131mc\u0131 aras\u0131nda de\u011fi\u015fen bir\u00a0grubun motivasyonunu artt\u0131rmay\u0131, birlikte \u00fcretmelerini, ileti\u015fimlerini g\u00fc\u00e7lendirmeyi ve e\u011flenerek tak\u0131m ruhu yaratmalar\u0131n\u0131 ama\u00e7layan \u00a0&#8220;Samba &#8211; Batucada&#8221; Ritim at\u00f6lyelerine kurumunuzdaki her ya\u015ftaki \u00e7al\u0131\u015fan kat\u0131labilir.<\/p>\n<p>Sizleri de bu anlara tan\u0131kl\u0131k edip kat\u0131lmaya davet ediyoruz.[\/vc_column_text][\/vc_column][\/vc_row][vc_row][vc_column width=&#8221;1\/3&#8243;][vc_gallery type=&#8221;flexslider_fade&#8221; interval=&#8221;3&#8243; images=&#8221;227,232,233,221,222,223,224,225,226,228,229,230,231&#8243; onclick=&#8221;link_image&#8221; custom_links_target=&#8221;_self&#8221; img_size=&#8221;460&#215;410&#8243; title=&#8221;Avea&#8221;][\/vc_column][vc_column width=&#8221;1\/3&#8243;][vc_gallery type=&#8221;flexslider_fade&#8221; interval=&#8221;3&#8243; images=&#8221;234,235,236,237&#8243; onclick=&#8221;link_image&#8221; custom_links_target=&#8221;_self&#8221; title=&#8221;Ayakkab\u0131 D\u00fcnyas\u0131&#8221; img_size=&#8221;460&#215;410&#8243;][\/vc_column][vc_column width=&#8221;1\/3&#8243;][vc_gallery type=&#8221;flexslider_fade&#8221; interval=&#8221;3&#8243; images=&#8221;238,314,244,239,240,241,242,243,245,246,247,248,347,346&#8243; onclick=&#8221;link_image&#8221; custom_links_target=&#8221;_self&#8221; title=&#8221;Form Sant\u00e9 Weekend &#8211; G\u00fcral Sapanca&#8221; img_size=&#8221;460&#215;410&#8243;][\/vc_column][\/vc_row][vc_row][vc_column width=&#8221;1\/3&#8243;][vc_gallery type=&#8221;flexslider_fade&#8221; interval=&#8221;3&#8243; images=&#8221;251,249,250,252&#8243; onclick=&#8221;link_image&#8221; custom_links_target=&#8221;_self&#8221; img_size=&#8221;460&#215;410&#8243; title=&#8221;Novartis&#8221;][\/vc_column][vc_column width=&#8221;1\/3&#8243;][vc_gallery type=&#8221;flexslider_fade&#8221; interval=&#8221;3&#8243; images=&#8221;253,254,255&#8243; onclick=&#8221;link_image&#8221; custom_links_target=&#8221;_self&#8221; title=&#8221;P&amp;G Kazakistan&#8221; img_size=&#8221;460&#215;410&#8243;][\/vc_column][vc_column width=&#8221;1\/3&#8243;][vc_gallery type=&#8221;flexslider_fade&#8221; interval=&#8221;3&#8243; images=&#8221;256&#8243; onclick=&#8221;link_image&#8221; custom_links_target=&#8221;_self&#8221; img_size=&#8221;460&#215;410&#8243; title=&#8221;Florence Nightingale&#8221;][\/vc_column][\/vc_row][vc_row][vc_column width=&#8221;1\/3&#8243;][vc_gallery type=&#8221;flexslider_fade&#8221; interval=&#8221;3&#8243; images=&#8221;257,258,259,260,294,293,290,289,288,287,286&#8243; onclick=&#8221;link_image&#8221; custom_links_target=&#8221;_self&#8221; img_size=&#8221;460&#215;410&#8243; title=&#8221;Weekend 4US&#8221;][\/vc_column][vc_column width=&#8221;1\/3&#8243;][vc_gallery type=&#8221;flexslider_fade&#8221; interval=&#8221;3&#8243; images=&#8221;265,811&#8243; onclick=&#8221;link_image&#8221; custom_links_target=&#8221;_self&#8221; title=&#8221;Beirut-Lebanon&#8221; img_size=&#8221;460&#215;410&#8243;][\/vc_column][vc_column width=&#8221;1\/3&#8243;][vc_gallery type=&#8221;flexslider_fade&#8221; interval=&#8221;3&#8243; images=&#8221;269,270&#8243; onclick=&#8221;link_image&#8221; custom_links_target=&#8221;_self&#8221; title=&#8221;MSD \u0130la\u00e7&#8221; img_size=&#8221;460&#215;410&#8243;][\/vc_column][\/vc_row][vc_row][vc_column width=&#8221;1\/3&#8243;][vc_gallery type=&#8221;flexslider_fade&#8221; interval=&#8221;3&#8243; images=&#8221;271,272,273&#8243; onclick=&#8221;link_image&#8221; custom_links_target=&#8221;_self&#8221; img_size=&#8221;460&#215;410&#8243; title=&#8221;Novo Nordisk&#8221;][\/vc_column][vc_column width=&#8221;1\/3&#8243;][vc_gallery type=&#8221;flexslider_fade&#8221; interval=&#8221;3&#8243; images=&#8221;274,275,276&#8243; onclick=&#8221;link_image&#8221; custom_links_target=&#8221;_self&#8221; title=&#8221;SAP&#8221; img_size=&#8221;460&#215;410&#8243;][\/vc_column][vc_column width=&#8221;1\/3&#8243;][vc_gallery type=&#8221;flexslider_fade&#8221; interval=&#8221;3&#8243; images=&#8221;277,279&#8243; onclick=&#8221;link_image&#8221; custom_links_target=&#8221;_self&#8221; title=&#8221;Procter&amp;Gamble&#8221; img_size=&#8221;460&#215;410&#8243;][\/vc_column][\/vc_row][vc_row][vc_column width=&#8221;1\/3&#8243;][vc_gallery type=&#8221;flexslider_fade&#8221; interval=&#8221;3&#8243; images=&#8221;282,280,281&#8243; onclick=&#8221;link_image&#8221; custom_links_target=&#8221;_self&#8221; img_size=&#8221;460&#215;410&#8243; title=&#8221;STFA&#8221;][\/vc_column][vc_column width=&#8221;1\/3&#8243;][vc_gallery type=&#8221;flexslider_fade&#8221; interval=&#8221;3&#8243; images=&#8221;283,284,285&#8243; onclick=&#8221;link_image&#8221; custom_links_target=&#8221;_self&#8221; title=&#8221;BBDO&#8221; img_size=&#8221;460&#215;410&#8243;][\/vc_column][vc_column width=&#8221;1\/3&#8243;][vc_gallery type=&#8221;flexslider_fade&#8221; interval=&#8221;3&#8243; images=&#8221;679,680,681,682&#8243; onclick=&#8221;link_image&#8221; custom_links_target=&#8221;_self&#8221; title=&#8221;MSD \u0130la\u00e7 &#8211; 2&#8243; img_size=&#8221;460&#215;410&#8243;][\/vc_column][\/vc_row][vc_row][vc_column width=&#8221;1\/3&#8243;][vc_gallery type=&#8221;flexslider_fade&#8221; interval=&#8221;3&#8243; images=&#8221;683,684,685,686&#8243; onclick=&#8221;link_image&#8221; custom_links_target=&#8221;_self&#8221; img_size=&#8221;460&#215;410&#8243; title=&#8221;Roche&#8221;][\/vc_column][vc_column width=&#8221;1\/3&#8243;][\/vc_column][vc_column width=&#8221;1\/3&#8243;][\/vc_column][\/vc_row][vc_row css=&#8221;.vc_custom_1434720051029{margin-top: 50px !important;}&#8221;][vc_column width=&#8221;1\/1&#8243;][vc_custom_heading text=&#8221;V\u0130DEOLAR&#8221; font_container=&#8221;tag:h3|text_align:left&#8221; google_fonts=&#8221;font_family:Arvo%3Aregular%2Citalic%2C700%2C700italic|font_style:400%20regular%3A400%3Anormal&#8221; css=&#8221;.vc_custom_1434718449419{margin-top: -50px !important;}&#8221;][\/vc_column][\/vc_row][vc_row css=&#8221;.vc_custom_1434718508369{margin-top: -75px !important;}&#8221;][vc_column width=&#8221;1\/3&#8243;][vc_video title=&#8221;Tan\u0131t\u0131m Videosu&#8221; link=&#8221;https:\/\/youtu.be\/EbxIVLOpdvk&#8221;][\/vc_column][vc_column width=&#8221;1\/3&#8243;][vc_video title=&#8221;T\u00fcrk Telekom&#8221; link=&#8221;https:\/\/youtu.be\/8pwlVc81Q0Y&#8221;][\/vc_column][vc_column width=&#8221;1\/3&#8243;][vc_video title=&#8221;Siemens&#8221; link=&#8221;https:\/\/youtu.be\/8tnw6R90SO4&#8243;][\/vc_column][\/vc_row][vc_row][vc_column width=&#8221;1\/3&#8243;][vc_video title=&#8221;Rotary Club&#8221; link=&#8221;https:\/\/www.youtube.com\/watch?v=CedLefSJgCU&#8221;][\/vc_column][\/vc_row]<\/p>\n","protected":false},"excerpt":{"rendered":"<p>[vc_row][vc_column width=&#8221;1\/1&#8243;][vc_column_text]Toplant\u0131, kongre, motivasyonu destekleyici aktivite vb. etkinliklerde kat\u0131l\u0131mc\u0131lar\u0131m\u0131za \u00f6zel deneyimler ya\u015fat\u0131p, bu deneyimlerin t\u00fcm\u00fcn\u00fc kendi k\u00fclt\u00fcr, \u00e7evre ve m\u00fc\u015fteri<\/p>\n","protected":false},"author":1,"featured_media":0,"parent":0,"menu_order":0,"comment_status":"closed","ping_status":"closed","template":"page_full.php","meta":{"om_disable_all_campaigns":false,"_monsterinsights_skip_tracking":false,"_monsterinsights_sitenote_active":false,"_monsterinsights_sitenote_note":"","_monsterinsights_sitenote_category":0},"aioseo_notices":[],"_links":{"self":[{"href":"http:\/\/jozilevi.com\/pb\/wp-json\/wp\/v2\/pages\/52"}],"collection":[{"href":"http:\/\/jozilevi.com\/pb\/wp-json\/wp\/v2\/pages"}],"about":[{"href":"http:\/\/jozilevi.com\/pb\/wp-json\/wp\/v2\/types\/page"}],"author":[{"embeddable":true,"href":"http:\/\/jozilevi.com\/pb\/wp-json\/wp\/v2\/users\/1"}],"replies":[{"embeddable":true,"href":"http:\/\/jozilevi.com\/pb\/wp-json\/wp\/v2\/comments?post=52"}],"version-history":[{"count":23,"href":"http:\/\/jozilevi.com\/pb\/wp-json\/wp\/v2\/pages\/52\/revisions"}],"predecessor-version":[{"id":854,"href":"http:\/\/jozilevi.com\/pb\/wp-json\/wp\/v2\/pages\/52\/revisions\/854"}],"wp:attachment":[{"href":"http:\/\/jozilevi.com\/pb\/wp-json\/wp\/v2\/media?parent=52"}],"curies":[{"name":"wp","href":"https:\/\/api.w.org\/{rel}","templated":true}]}}