{"id":48,"date":"2015-05-27T07:27:53","date_gmt":"2015-05-27T07:27:53","guid":{"rendered":"http:\/\/e-commercetrends.com\/jozi\/?page_id=48"},"modified":"2017-09-28T17:00:17","modified_gmt":"2017-09-28T17:00:17","slug":"bate-bumbo","status":"publish","type":"page","link":"http:\/\/jozilevi.com\/pb\/bate-bumbo\/","title":{"rendered":"Bate Bumbo"},"content":{"rendered":"<p>[vc_row][vc_column width=&#8221;1\/1&#8243;][vc_column_text]<strong><img decoding=\"async\" loading=\"lazy\" class=\"alignleft wp-image-440 size-thumbnail\" src=\"http:\/\/jozilevi.com\/wp-content\/uploads\/batelogosmall-150x150.png\" alt=\"\" width=\"150\" height=\"150\" \/><\/strong><\/p>\n<p>A banda de percuss\u00e3o <strong>Bate Bumbo<\/strong> foi lan\u00e7ada em 2003 por Jozi Levi &#8211; a \u00fanica pessoa na Turquia tocando percuss\u00e3o e ritmos brasileiros por um longo per\u00edodo &#8211; e seus valiosos amigos m\u00fasicos. Com a forma\u00e7\u00e3o da Bate Bumbo, que tem grande import\u00e2ncia por Jozi Levi ter sido premiado como &#8220;oficial&#8221; pelo Brasil com uma das ordens honor\u00edficas mais importantes, a \u201c<strong>Ordem de Rio Branco<\/strong>\u201d, nasceu a primeira banda de percuss\u00e3o tocando ritmos de carnaval do Rio de Janeiro na Turquia. Com a evolu\u00e7\u00e3o ao longo do tempo e participa\u00e7\u00e3o de alguns de seus alunos, a banda ganhou sua atual forma\u00e7\u00e3o.<\/p>\n<p><strong>Bate Bumbo<\/strong>\u00a0\u00e9 uma banda alegre, com integrantes que variam de 12 a 20 percussionistas profissionais. Em seus shows, muitos instrumentos convencionais de percuss\u00e3o, bem como materiais criativos (como itens promocionais de empresas, metais, garrafas, paus, materiais para embalagens pl\u00e1sticas, etc), podem ser usados, dependendo das demandas dos clientes.<\/p>\n<p>Uma das caracter\u00edsticas mais fortes da Bate Bumbo \u00e9 o uso de aut\u00eanticos instrumentos de percuss\u00e3o brasileiros, como <em>Repinique, Surdo, Agogo, Pandeiro, Tamborim, Cuica, Caixa, Reco-Reco, Chocalho <\/em>e<em> Ganza<\/em>, tocados em seus shows, e pela banda n\u00e3o precisar de um sistema de som. A banda n\u00e3o toca s\u00f3 no palco; sua especialidade de ser capaz de tocar fora do palco, em um caminh\u00e3o em movimento, ou andando no meio do p\u00fablico como em um carnaval de rua, torna a Bate Bumbo mais flex\u00edvel e original do que a maioria das outras bandas de percuss\u00e3o.[\/vc_column_text][\/vc_column][\/vc_row][vc_row][vc_column width=&#8221;1\/3&#8243;][vc_gallery type=&#8221;flexslider_fade&#8221; interval=&#8221;3&#8243; images=&#8221;120,119,118,117,116&#8243; onclick=&#8221;link_image&#8221; custom_links_target=&#8221;_self&#8221; title=&#8221;Global Agency&#8221; img_size=&#8221;460&#215;410&#8243;][vc_gallery type=&#8221;flexslider_fade&#8221; interval=&#8221;3&#8243; images=&#8221;144,9,146,141,142,143,145&#8243; onclick=&#8221;link_image&#8221; custom_links_target=&#8221;_self&#8221; title=&#8221;Lig TV&#8221; img_size=&#8221;460&#215;410&#8243;][\/vc_column][vc_column width=&#8221;1\/3&#8243;][vc_gallery type=&#8221;flexslider_fade&#8221; interval=&#8221;3&#8243; images=&#8221;136&#8243; onclick=&#8221;link_image&#8221; custom_links_target=&#8221;_self&#8221; title=&#8221;HTC &#8211; Turkcell El\u00e7iler Zirvesi&#8221; img_size=&#8221;460&#215;410&#8243;][vc_gallery type=&#8221;flexslider_fade&#8221; interval=&#8221;3&#8243; images=&#8221;128,129,130&#8243; onclick=&#8221;link_image&#8221; custom_links_target=&#8221;_self&#8221; title=&#8221;Swissotel&#8221; img_size=&#8221;460&#215;410&#8243;][\/vc_column][vc_column width=&#8221;1\/3&#8243;][vc_gallery type=&#8221;flexslider_fade&#8221; interval=&#8221;3&#8243; images=&#8221;108,109,110,111,112&#8243; onclick=&#8221;link_image&#8221; custom_links_target=&#8221;_self&#8221; title=&#8221;Philip Morris Happy Hour&#8221; img_size=&#8221;460&#215;410&#8243;][vc_gallery type=&#8221;flexslider_fade&#8221; interval=&#8221;3&#8243; images=&#8221;150,151,152,153&#8243; onclick=&#8221;link_image&#8221; custom_links_target=&#8221;_self&#8221; img_size=&#8221;460&#215;410&#8243; title=&#8221;D\u00fc\u011f\u00fcn Daveti&#8221;][\/vc_column][\/vc_row][vc_row][vc_column width=&#8221;1\/3&#8243;][vc_gallery type=&#8221;flexslider_fade&#8221; interval=&#8221;3&#8243; images=&#8221;122,318,319,320,321&#8243; onclick=&#8221;link_image&#8221; custom_links_target=&#8221;_self&#8221; img_size=&#8221;460&#215;410&#8243; title=&#8221;Barmitzvah&#8221;][\/vc_column][vc_column width=&#8221;1\/3&#8243;][vc_gallery type=&#8221;flexslider_fade&#8221; interval=&#8221;3&#8243; images=&#8221;133,134,135&#8243; onclick=&#8221;link_image&#8221; custom_links_target=&#8221;_self&#8221; title=&#8221;Bursa Korupark AVM&#8221; img_size=&#8221;460&#215;410&#8243;][\/vc_column][vc_column width=&#8221;1\/3&#8243;][vc_gallery type=&#8221;flexslider_fade&#8221; interval=&#8221;3&#8243; images=&#8221;113,114,115&#8243; onclick=&#8221;link_image&#8221; custom_links_target=&#8221;_self&#8221; title=&#8221;Borusan&#8221; img_size=&#8221;460&#215;410&#8243;][\/vc_column][\/vc_row][vc_row][vc_column width=&#8221;1\/3&#8243;][vc_gallery type=&#8221;flexslider_fade&#8221; interval=&#8221;3&#8243; images=&#8221;137,138,139&#8243; onclick=&#8221;link_image&#8221; custom_links_target=&#8221;_self&#8221; img_size=&#8221;460&#215;410&#8243; title=&#8221;KNORR&#8221;][\/vc_column][vc_column width=&#8221;1\/3&#8243;][vc_gallery type=&#8221;flexslider_fade&#8221; interval=&#8221;3&#8243; images=&#8221;162&#8243; onclick=&#8221;link_image&#8221; custom_links_target=&#8221;_self&#8221; title=&#8221;Nesfit&#8221; img_size=&#8221;460&#215;410&#8243;][\/vc_column][vc_column width=&#8221;1\/3&#8243;][vc_gallery type=&#8221;flexslider_fade&#8221; interval=&#8221;3&#8243; images=&#8221;154,155,156&#8243; onclick=&#8221;link_image&#8221; custom_links_target=&#8221;_self&#8221; title=&#8221;Les Ottomans&#8221; img_size=&#8221;460&#215;410&#8243;][\/vc_column][\/vc_row][vc_row][vc_column width=&#8221;1\/3&#8243;][vc_gallery type=&#8221;flexslider_fade&#8221; interval=&#8221;3&#8243; images=&#8221;158,349,350&#8243; onclick=&#8221;link_image&#8221; custom_links_target=&#8221;_self&#8221; title=&#8221;Radikal&#8221; img_size=&#8221;460&#215;410&#8243;][\/vc_column][vc_column width=&#8221;1\/3&#8243;][vc_gallery type=&#8221;flexslider_fade&#8221; interval=&#8221;3&#8243; images=&#8221;131,132&#8243; onclick=&#8221;link_image&#8221; custom_links_target=&#8221;_self&#8221; img_size=&#8221;460&#215;410&#8243; title=&#8221;Nike&#8221;][\/vc_column][vc_column width=&#8221;1\/3&#8243;][vc_gallery type=&#8221;flexslider_fade&#8221; interval=&#8221;3&#8243; images=&#8221;160,161&#8243; onclick=&#8221;link_image&#8221; custom_links_target=&#8221;_self&#8221; title=&#8221;Mars Cinebonus&#8221; img_size=&#8221;460&#215;410&#8243;][\/vc_column][\/vc_row][vc_row][vc_column width=&#8221;1\/3&#8243;][vc_gallery type=&#8221;flexslider_fade&#8221; interval=&#8221;3&#8243; images=&#8221;159&#8243; onclick=&#8221;link_image&#8221; custom_links_target=&#8221;_self&#8221; img_size=&#8221;460&#215;410&#8243; title=&#8221;Bah\u00e7e\u015fehir \u00dcniversitesi&#8221;][\/vc_column][vc_column width=&#8221;1\/3&#8243;][vc_gallery type=&#8221;flexslider_fade&#8221; interval=&#8221;3&#8243; images=&#8221;92,89,90,94,95,97,98,103,106,107,330,207&#8243; onclick=&#8221;link_image&#8221; custom_links_target=&#8221;_self&#8221; img_size=&#8221;460&#215;410&#8243; title=&#8221;Bate Bumbo&#8221;][\/vc_column][vc_column width=&#8221;1\/3&#8243;][vc_gallery type=&#8221;flexslider_fade&#8221; interval=&#8221;3&#8243; images=&#8221;147,148,149&#8243; onclick=&#8221;link_image&#8221; custom_links_target=&#8221;_self&#8221; title=&#8221;Efes Pilsen&#8221; img_size=&#8221;460&#215;410&#8243;][\/vc_column][\/vc_row][vc_row css=&#8221;.vc_custom_1434722041609{margin-top: -75px !important;}&#8221;][vc_column width=&#8221;1\/1&#8243;][vc_custom_heading text=&#8221;V\u0130DEOLAR&#8221; font_container=&#8221;tag:h3|text_align:left&#8221; google_fonts=&#8221;font_family:Arvo%3Aregular%2Citalic%2C700%2C700italic|font_style:400%20regular%3A400%3Anormal&#8221;][\/vc_column][\/vc_row][vc_row css=&#8221;.vc_custom_1434722071369{margin-top: -75px !important;}&#8221;][vc_column width=&#8221;1\/3&#8243;][vc_video title=&#8221;HTC ile Flash Mob \u2013 Turkcell El\u00e7iler Zirvesi&#8221; link=&#8221;https:\/\/youtu.be\/RorBBvXJ0jQ&#8221;][\/vc_column][vc_column width=&#8221;1\/3&#8243;][vc_video title=&#8221;ShowTV&#8221; link=&#8221;https:\/\/www.youtube.com\/watch?v=i6pVIxGk_us&#8221;][\/vc_column][vc_column width=&#8221;1\/3&#8243;][vc_video title=&#8221;Ajda Pekkan Konser&#8221; link=&#8221;https:\/\/youtu.be\/VWamXxCcw2M&#8221;][\/vc_column][\/vc_row][vc_row][vc_column width=&#8221;1\/3&#8243;][vc_video title=&#8221;Bate Bumbo Tan\u0131t\u0131m Videosu &#8211; 1&#8243; link=&#8221;https:\/\/www.youtube.com\/watch?v=6gk3NA-SlDg&#8221;][\/vc_column][vc_column width=&#8221;1\/3&#8243;][vc_video title=&#8221;Bate Bumbo Tan\u0131t\u0131m Videosu &#8211; 2&#8243; link=&#8221;https:\/\/youtu.be\/bzwApk9IKzI&#8221;][\/vc_column][vc_column width=&#8221;1\/3&#8243;][vc_video title=&#8221;Nesfit&#8221; link=&#8221;https:\/\/www.youtube.com\/watch?v=q_XMjysgq90&amp;feature=youtu.be&#8221;][\/vc_column][\/vc_row]<\/p>","protected":false},"excerpt":{"rendered":"<p>[vc_row][vc_column width=&#8221;1\/1&#8243;][vc_column_text] A banda de percuss\u00e3o Bate Bumbo foi lan\u00e7ada em 2003 por Jozi Levi &#8211; a \u00fanica pessoa na<\/p>\n","protected":false},"author":1,"featured_media":0,"parent":0,"menu_order":0,"comment_status":"closed","ping_status":"closed","template":"page_full.php","meta":{"om_disable_all_campaigns":false,"_monsterinsights_skip_tracking":false,"_monsterinsights_sitenote_active":false,"_monsterinsights_sitenote_note":"","_monsterinsights_sitenote_category":0},"aioseo_notices":[],"_links":{"self":[{"href":"http:\/\/jozilevi.com\/pb\/wp-json\/wp\/v2\/pages\/48"}],"collection":[{"href":"http:\/\/jozilevi.com\/pb\/wp-json\/wp\/v2\/pages"}],"about":[{"href":"http:\/\/jozilevi.com\/pb\/wp-json\/wp\/v2\/types\/page"}],"author":[{"embeddable":true,"href":"http:\/\/jozilevi.com\/pb\/wp-json\/wp\/v2\/users\/1"}],"replies":[{"embeddable":true,"href":"http:\/\/jozilevi.com\/pb\/wp-json\/wp\/v2\/comments?post=48"}],"version-history":[{"count":60,"href":"http:\/\/jozilevi.com\/pb\/wp-json\/wp\/v2\/pages\/48\/revisions"}],"predecessor-version":[{"id":1279,"href":"http:\/\/jozilevi.com\/pb\/wp-json\/wp\/v2\/pages\/48\/revisions\/1279"}],"wp:attachment":[{"href":"http:\/\/jozilevi.com\/pb\/wp-json\/wp\/v2\/media?parent=48"}],"curies":[{"name":"wp","href":"https:\/\/api.w.org\/{rel}","templated":true}]}}