{"id":703,"date":"2015-06-29T07:48:57","date_gmt":"2015-06-29T07:48:57","guid":{"rendered":"http:\/\/jozilevi.com\/?page_id=703"},"modified":"2016-04-02T11:44:09","modified_gmt":"2016-04-02T11:44:09","slug":"jozinin-ritmi","status":"publish","type":"page","link":"http:\/\/jozilevi.com\/it\/jozinin-ritmi\/","title":{"rendered":"Jozi N Ritmo"},"content":{"rendered":"<p>[vc_row][vc_column width=&#8221;1\/1&#8243;][vc_column_text]Abbiamo una missione e affermazioni importanti presso l&#8217;unit\u00e0 di sviluppo esecutico dell&#8217;universit\u00e0 di Sabanci (SU-EDU)<\/p>\n<p>La nostra missione: collegare il mondo accademico al mondo del business, entrare il mondo del business al mondo accademico &#8230;<\/p>\n<p>La nostra rivendicazione: Creazione e sviluppo insieme<\/p>\n<p>Essere insieme e la creativit\u00e0 \u00e8 indispensabile.\u00a0 Come associazione, siamo consapevoli di quanto sia importante fare squadra nella vita professionale.<\/p>\n<p>Ci vuole un ritmo base della vita. Ci vuole il grande ritmo dell&#8217;universo. Altrimenti si perde di vista quello che che \u00e8 importante: l&#8217;unit\u00e0 e il ritmo della squadra,<\/p>\n<p>Essere una grande squadra &#8230;\u00a0 Avere lo stesso obiettivo, gli stessi sentimenti, Condividere lo stesso entusiasmo per raggiungere lo scopo. Viene anche deciso di fare tutto entro un certo periodo.<\/p>\n<p>Nell&#8217;autunno del 2013, abbiamo parlato di quando ci siamo incontrati con loro insieme a Jozi . Il nostro cliente \u00e8 un importante ente pubblico. Jozi\u00a0 ha mostrato loro il video, ha dato esempi del lavoro da parte delle istituzioni.<\/p>\n<p>23 Novembre 2013 alle 17:30 presso l&#8217;impianto SU-EDU, abbiamo deciso di fare il carnevale\u00a0 Brasiliano con 25 persone del gruppo che partecipano con I loro strumenti\u00a0 musicali. Abbiamo speso 40-45 minuti come se fossimo nell&#8217;orchestra di Jozi &#8230;<\/p>\n<p>Il programma &#8220;Joint Culture Management&#8221; \u00e8 la pi\u00f9 emozionante e allo stesso tempo la manifestazione. Di cui ci preoccupavamo di pi\u00f9&#8230; Non ho mai provato prima di un evento per i manager del settore pubblico, come reagiranno? Chissa se vogliono unirsi\u00a0 a noi!!!<\/p>\n<p>E venne il giorno &#8230;<\/p>\n<p>Jozi si avvicin\u00f2 portando con s\u00e8 strumenti a percussione. Confesso che non ho potuto simulare niente, l&#8217;ho trovato molto primitivo.\u00a0 Quando ho visto quelle cose mi sono mspaventato<\/p>\n<p>Al termine di un corso di formazione in aula per 7\u00a0 ore al giorno, i partecipanti sono stati ricevuto una grande sala. Tutti erano iconfusi &#8230; hanno cominciato a raccontare di Jozi. Quasi tutti i partecipanti erano molto nervosi. La stragrande maggioranza diceva &#8220;non ho alcun interesse per la musica!&#8221;.<\/p>\n<p>Poco dopo tutti avevano scelto il loro &#8220;strumento&#8221;. Reco-reco, Cuica, Ganza, Agogo e molti, molti altri ancora &#8230;<\/p>\n<p>Il lavoro \u00e8 iniziato subito. Jozi ha prima mostrato a ciascun gruppo come suonare e poi ci ha esaminato. Stava facendo rumori terribili che nemmeno io ero in grado di descrivere. Non vedevo l&#8217;ora che finisse. Mezz&#8217;ora dopo non ero ancora riuscito a trovare l&#8217;attacco giusto. La squadra non aveva grande armonia, anche se nessuna squadra h tenuto il ritmo con le altre. Ma tutti i gruppi &#8220;erano migliorati&#8221;.\u00a0 Sembravano felici. Le preoccupazioni erano quasi cancellate. Credo che nemmeno si accorgessero dei suoni distorti.<\/p>\n<p>Il mio morale stava per\u00f2 peggiorando. I miei occhi, le mie mani &#8220;tozze&#8221; non riuscivano a coordinarsi. Ho lasciato il mio gruppo di telefonia con la scusa di un&#8217;emergenza. Sono andato in terrazzo. Il freddo di novembre mi far\u00e0 bene, ho pensato. Ho fatto un paio di telefonate. Credo di essermi distratto 10 minuti. Poi mi sono diretto verso il corridoio. D&#8217;altra parte ho pensato: questo sar\u00e0 &#8220;come gestire un fiasco&#8221; . Dopo un po&#8217; ho provato ad avvicinarmi alla sala. &#8220;Non potevo credere alle mie orecchie; &#8220;sembrava il suono di una fantastica orchestra. Tutto mi \u00e8 diventato pi\u00f9 chiaro. Questo \u00e8 stato davvero un miracolo. Il miracolo di Jozi.<\/p>\n<p>Quando sono entrato nella sala, i miei amici non solo suonavano allo stesso tempo, ma camminavano. Erano stati tutti travolti dall&#8217;entusiasmo per il loro successo. Mi sono detto \u201cAccidenti! Come possono essersi trasformati in Brasiliani in poco tempo?\u201d<\/p>\n<p>Jozi aveva mantenuto la sua promessa. I partecipanti che erano cos\u00ec ben disposti che abbiamo fatto il giro un paio di volte nel periodo successivo;\u00a0 abbiamo commentato \u201cla squadra, il ritmo, \u00e8 stato mertio dello studio e della pratica\u201d. E &#8216;stato un momento e un&#8217;esperienza memorabile per tutti noi.<\/p>\n<p>Grazie Jozi &#8230;[\/vc_column_text][\/vc_column][\/vc_row]<\/p>","protected":false},"excerpt":{"rendered":"<p>[vc_row][vc_column width=&#8221;1\/1&#8243;][vc_column_text]Abbiamo una missione e affermazioni importanti presso l&#8217;unit\u00e0 di sviluppo esecutico dell&#8217;universit\u00e0 di Sabanci (SU-EDU) La nostra missione: collegare<\/p>\n","protected":false},"author":1,"featured_media":0,"parent":0,"menu_order":0,"comment_status":"closed","ping_status":"open","template":"page_full.php","meta":{"om_disable_all_campaigns":false,"_monsterinsights_skip_tracking":false,"_monsterinsights_sitenote_active":false,"_monsterinsights_sitenote_note":"","_monsterinsights_sitenote_category":0},"aioseo_notices":[],"_links":{"self":[{"href":"http:\/\/jozilevi.com\/it\/wp-json\/wp\/v2\/pages\/703"}],"collection":[{"href":"http:\/\/jozilevi.com\/it\/wp-json\/wp\/v2\/pages"}],"about":[{"href":"http:\/\/jozilevi.com\/it\/wp-json\/wp\/v2\/types\/page"}],"author":[{"embeddable":true,"href":"http:\/\/jozilevi.com\/it\/wp-json\/wp\/v2\/users\/1"}],"replies":[{"embeddable":true,"href":"http:\/\/jozilevi.com\/it\/wp-json\/wp\/v2\/comments?post=703"}],"version-history":[{"count":6,"href":"http:\/\/jozilevi.com\/it\/wp-json\/wp\/v2\/pages\/703\/revisions"}],"predecessor-version":[{"id":899,"href":"http:\/\/jozilevi.com\/it\/wp-json\/wp\/v2\/pages\/703\/revisions\/899"}],"wp:attachment":[{"href":"http:\/\/jozilevi.com\/it\/wp-json\/wp\/v2\/media?parent=703"}],"curies":[{"name":"wp","href":"https:\/\/api.w.org\/{rel}","templated":true}]}}